{"id":915,"date":"2022-07-30T11:55:41","date_gmt":"2022-07-30T11:55:41","guid":{"rendered":"https:\/\/sabetrend.com\/sabetrend\/"},"modified":"2022-07-30T16:21:58","modified_gmt":"2022-07-30T16:21:58","slug":"decouvrez-sabetrend","status":"publish","type":"page","link":"https:\/\/sabetrend.com\/fr\/decouvrez-sabetrend\/","title":{"rendered":"Sabetrend"},"content":{"rendered":"<div id='av-layout-grid-1'  class='av-layout-grid-container entry-content-wrapper main_color av-flex-cells     avia-builder-el-0  el_before_av_section  avia-builder-el-first  container_wrap fullsize' style=' '  >\n<div class=\"flex_cell no_margin av_one_half  avia-builder-el-1  el_before_av_cell_one_half  avia-builder-el-first   avia-full-stretch \"  style='height:430px; min-height:430px;vertical-align:top; padding:30px; ' ><div class='flex_cell_inner' ><div class=\"flex_column av_one_full  av-animated-generic bottom-to-top  flex_column_div av-zero-column-padding first  avia-builder-el-2  avia-builder-el-no-sibling  \" style='border-radius:0px; '><div  class='avia-image-container  av-styling-    avia-builder-el-3  avia-builder-el-no-sibling  avia-align-center '  itemprop=\"image\" itemscope=\"itemscope\" itemtype=\"https:\/\/schema.org\/ImageObject\"  ><div class='avia-image-container-inner'><div class='avia-image-overlay-wrap'><img class='avia_image' src='https:\/\/sabetrend.com\/wp-content\/uploads\/2020\/04\/sabetrend-495x400.jpg' alt='' title='sabetrend' height=\"400\" width=\"495\"  itemprop=\"thumbnailUrl\"  \/><\/div><\/div><\/div><\/div>\n<\/div><\/div><div class=\"flex_cell no_margin av_one_half  avia-builder-el-4  el_after_av_cell_one_half  avia-builder-el-last   \"  style='height:430px; min-height:430px;vertical-align:middle; padding:30px 100px 30px 100px ; background-color:#f7f7f7; ' ><div class='flex_cell_inner' ><div class=\"flex_column av_one_full  av-animated-generic bottom-to-top  flex_column_div av-zero-column-padding first  avia-builder-el-5  avia-builder-el-no-sibling  \" style='border-radius:0px; '><p><div  style='padding-bottom:10px; ' class='av-special-heading av-special-heading-h3  blockquote modern-quote  avia-builder-el-6  el_before_av_textblock  avia-builder-el-first  '><h3 class='av-special-heading-tag '  itemprop=\"headline\"  >Sabetrend<\/h3><div class='special-heading-border'><div class='special-heading-inner-border' ><\/div><\/div><\/div><br \/>\n<section class=\"av_textblock_section \"  itemscope=\"itemscope\" itemtype=\"https:\/\/schema.org\/CreativeWork\" ><div class='avia_textblock  '   itemprop=\"text\" ><p>Nous sommes une entreprise jeune et dynamique qui poss\u00e8de une grande exp\u00e9rience dans le secteur du textile: production de collections propres et personnalisation de T-shirts et autres v\u00eatements. Nous proposons des solutions sp\u00e9cifiques pour les entreprises.<\/p>\n<p>Nous avons \u00e9galement d\u00e9velopp\u00e9 des collections sp\u00e9cifiques pour le retail. Nous mettons l&rsquo;accent sur la qualit\u00e9 et la rapidit\u00e9 du service.\u00a0 Nous fournissons des solutions compl\u00e8tes : de lla conception, \u00e0 la recherche des meilleures solutions en mati\u00e8re de production et de finition (\u00e9tiquetage, emballage, etc.).<\/p>\n<p>Showroom \u00e0 Barcelone : Passatge Marimon, 8, 08021, Barcelone, Espagne<\/p>\n<\/div><\/section><\/p><\/div>\n<\/div><\/div><\/div><div id='av_section_1'  class='avia-section main_color avia-section-large avia-no-border-styling  avia-bg-style-scroll  avia-builder-el-8  el_after_av_layout_row  avia-builder-el-last   container_wrap fullsize' style=' '  ><div class='container' ><div class='template-page content  av-content-full alpha units'><div class='post-entry post-entry-type-page post-entry-915'><div class='entry-content-wrapper clearfix'>\n<div class=\"flex_column av_one_half  av-animated-generic bottom-to-top  flex_column_div av-zero-column-padding first  avia-builder-el-9  el_before_av_one_half  avia-builder-el-first  \" style='border-radius:0px; '><p><div  style='padding-bottom:10px; ' class='av-special-heading av-special-heading-h3  blockquote modern-quote  avia-builder-el-10  el_before_av_textblock  avia-builder-el-first  '><h3 class='av-special-heading-tag '  itemprop=\"headline\"  >Ce que nous faisons<\/h3><div class='special-heading-border'><div class='special-heading-inner-border' ><\/div><\/div><\/div><br \/>\n<section class=\"av_textblock_section \"  itemscope=\"itemscope\" itemtype=\"https:\/\/schema.org\/CreativeWork\" ><div class='avia_textblock  '   itemprop=\"text\" ><p>Sabetrendest sp\u00e9cialiste de personnalisation textile depuis plus de 10 ans. Nous disposons de notre atelier propre pour la <strong>personnalisation de T-shirts et de v\u00eatements,<\/strong> et proposons un service tr\u00e8s rapide et de haute qualit\u00e9.\u00a0 Les secteurs suivants sont couverts :<\/p>\n<ul>\n<li>Entreprise<\/li>\n<li>Promotionnel<\/li>\n<li>Produit culturel<\/li>\n<li>Vente au d\u00e9tail<\/li>\n<\/ul>\n<\/div><\/section><\/p><\/div><div class=\"flex_column av_one_half  av-animated-generic bottom-to-top  flex_column_div av-zero-column-padding   avia-builder-el-12  el_after_av_one_half  avia-builder-el-last  \" style='border-radius:0px; '><p><div  style='padding-bottom:10px; ' class='av-special-heading av-special-heading-h3  blockquote modern-quote  avia-builder-el-13  el_before_av_textblock  avia-builder-el-first  '><h3 class='av-special-heading-tag '  itemprop=\"headline\"  >Techniques d\u2019impression textile<\/h3><div class='special-heading-border'><div class='special-heading-inner-border' ><\/div><\/div><\/div><br \/>\n<section class=\"av_textblock_section \"  itemscope=\"itemscope\" itemtype=\"https:\/\/schema.org\/CreativeWork\" ><div class='avia_textblock  '   itemprop=\"text\" ><p>Nous disposons d&rsquo;une large gamme de <strong>v\u00eatements personnalis\u00e9s <\/strong>qui peuvent \u00eatre s\u00e9rigraphi\u00e9s ou brod\u00e9s avec votre logo. Dans notre catalogue, vous trouverez des T-shirts pour hommes, femmes, enfants et m\u00eame b\u00e9b\u00e9s. Nous personnalisons tous types de v\u00eatements tels que des sweat-shirts, des polos, des doublures polaires, des casquettes, des \u00e9charpes et des v\u00eatements pour les clubs, etc&#8230; personnalis\u00e9s.<\/p>\n<ul>\n<li>Impression num\u00e9rique<\/li>\n<li>S\u00e9rigraphie<\/li>\n<li>Broderie<\/li>\n<\/ul>\n<\/div><\/section><\/p><\/div><\/p>\n","protected":false},"excerpt":{"rendered":"","protected":false},"author":1,"featured_media":0,"parent":0,"menu_order":0,"comment_status":"open","ping_status":"open","template":"","meta":{"footnotes":""},"yoast_head":"<!-- This site is optimized with the Yoast SEO plugin v21.1 - https:\/\/yoast.com\/wordpress\/plugins\/seo\/ -->\n<title>Sabetrend - Sabetrend<\/title>\n<meta name=\"robots\" content=\"index, follow, max-snippet:-1, max-image-preview:large, max-video-preview:-1\" \/>\n<link rel=\"canonical\" href=\"https:\/\/sabetrend.com\/fr\/decouvrez-sabetrend\/\" \/>\n<meta property=\"og:locale\" content=\"fr_FR\" \/>\n<meta property=\"og:type\" content=\"article\" \/>\n<meta property=\"og:title\" content=\"Sabetrend - Sabetrend\" \/>\n<meta property=\"og:url\" content=\"https:\/\/sabetrend.com\/fr\/decouvrez-sabetrend\/\" \/>\n<meta property=\"og:site_name\" content=\"Sabetrend\" \/>\n<meta property=\"article:modified_time\" content=\"2022-07-30T16:21:58+00:00\" \/>\n<meta name=\"twitter:card\" content=\"summary_large_image\" \/>\n<meta name=\"twitter:label1\" content=\"Dur\u00e9e de lecture estim\u00e9e\" \/>\n\t<meta name=\"twitter:data1\" content=\"5 minutes\" \/>\n<script type=\"application\/ld+json\" class=\"yoast-schema-graph\">{\"@context\":\"https:\/\/schema.org\",\"@graph\":[{\"@type\":\"WebPage\",\"@id\":\"https:\/\/sabetrend.com\/fr\/decouvrez-sabetrend\/\",\"url\":\"https:\/\/sabetrend.com\/fr\/decouvrez-sabetrend\/\",\"name\":\"Sabetrend - Sabetrend\",\"isPartOf\":{\"@id\":\"https:\/\/sabetrend.com\/fr\/#website\"},\"datePublished\":\"2022-07-30T11:55:41+00:00\",\"dateModified\":\"2022-07-30T16:21:58+00:00\",\"breadcrumb\":{\"@id\":\"https:\/\/sabetrend.com\/fr\/decouvrez-sabetrend\/#breadcrumb\"},\"inLanguage\":\"fr-FR\",\"potentialAction\":[{\"@type\":\"ReadAction\",\"target\":[\"https:\/\/sabetrend.com\/fr\/decouvrez-sabetrend\/\"]}]},{\"@type\":\"BreadcrumbList\",\"@id\":\"https:\/\/sabetrend.com\/fr\/decouvrez-sabetrend\/#breadcrumb\",\"itemListElement\":[{\"@type\":\"ListItem\",\"position\":1,\"name\":\"Home\",\"item\":\"https:\/\/sabetrend.com\/fr\/\"},{\"@type\":\"ListItem\",\"position\":2,\"name\":\"Sabetrend\"}]},{\"@type\":\"WebSite\",\"@id\":\"https:\/\/sabetrend.com\/fr\/#website\",\"url\":\"https:\/\/sabetrend.com\/fr\/\",\"name\":\"Sabetrend\",\"description\":\"Just another WordPress site\",\"potentialAction\":[{\"@type\":\"SearchAction\",\"target\":{\"@type\":\"EntryPoint\",\"urlTemplate\":\"https:\/\/sabetrend.com\/fr\/?s={search_term_string}\"},\"query-input\":\"required name=search_term_string\"}],\"inLanguage\":\"fr-FR\"}]}<\/script>\n<!-- \/ Yoast SEO plugin. -->","yoast_head_json":{"title":"Sabetrend - Sabetrend","robots":{"index":"index","follow":"follow","max-snippet":"max-snippet:-1","max-image-preview":"max-image-preview:large","max-video-preview":"max-video-preview:-1"},"canonical":"https:\/\/sabetrend.com\/fr\/decouvrez-sabetrend\/","og_locale":"fr_FR","og_type":"article","og_title":"Sabetrend - Sabetrend","og_url":"https:\/\/sabetrend.com\/fr\/decouvrez-sabetrend\/","og_site_name":"Sabetrend","article_modified_time":"2022-07-30T16:21:58+00:00","twitter_card":"summary_large_image","twitter_misc":{"Dur\u00e9e de lecture estim\u00e9e":"5 minutes"},"schema":{"@context":"https:\/\/schema.org","@graph":[{"@type":"WebPage","@id":"https:\/\/sabetrend.com\/fr\/decouvrez-sabetrend\/","url":"https:\/\/sabetrend.com\/fr\/decouvrez-sabetrend\/","name":"Sabetrend - Sabetrend","isPartOf":{"@id":"https:\/\/sabetrend.com\/fr\/#website"},"datePublished":"2022-07-30T11:55:41+00:00","dateModified":"2022-07-30T16:21:58+00:00","breadcrumb":{"@id":"https:\/\/sabetrend.com\/fr\/decouvrez-sabetrend\/#breadcrumb"},"inLanguage":"fr-FR","potentialAction":[{"@type":"ReadAction","target":["https:\/\/sabetrend.com\/fr\/decouvrez-sabetrend\/"]}]},{"@type":"BreadcrumbList","@id":"https:\/\/sabetrend.com\/fr\/decouvrez-sabetrend\/#breadcrumb","itemListElement":[{"@type":"ListItem","position":1,"name":"Home","item":"https:\/\/sabetrend.com\/fr\/"},{"@type":"ListItem","position":2,"name":"Sabetrend"}]},{"@type":"WebSite","@id":"https:\/\/sabetrend.com\/fr\/#website","url":"https:\/\/sabetrend.com\/fr\/","name":"Sabetrend","description":"Just another WordPress site","potentialAction":[{"@type":"SearchAction","target":{"@type":"EntryPoint","urlTemplate":"https:\/\/sabetrend.com\/fr\/?s={search_term_string}"},"query-input":"required name=search_term_string"}],"inLanguage":"fr-FR"}]}},"_links":{"self":[{"href":"https:\/\/sabetrend.com\/fr\/wp-json\/wp\/v2\/pages\/915"}],"collection":[{"href":"https:\/\/sabetrend.com\/fr\/wp-json\/wp\/v2\/pages"}],"about":[{"href":"https:\/\/sabetrend.com\/fr\/wp-json\/wp\/v2\/types\/page"}],"author":[{"embeddable":true,"href":"https:\/\/sabetrend.com\/fr\/wp-json\/wp\/v2\/users\/1"}],"replies":[{"embeddable":true,"href":"https:\/\/sabetrend.com\/fr\/wp-json\/wp\/v2\/comments?post=915"}],"version-history":[{"count":3,"href":"https:\/\/sabetrend.com\/fr\/wp-json\/wp\/v2\/pages\/915\/revisions"}],"predecessor-version":[{"id":1205,"href":"https:\/\/sabetrend.com\/fr\/wp-json\/wp\/v2\/pages\/915\/revisions\/1205"}],"wp:attachment":[{"href":"https:\/\/sabetrend.com\/fr\/wp-json\/wp\/v2\/media?parent=915"}],"curies":[{"name":"wp","href":"https:\/\/api.w.org\/{rel}","templated":true}]}}