{"id":1375,"date":"2023-08-16T05:23:07","date_gmt":"2023-08-16T05:23:07","guid":{"rendered":"https:\/\/sabetrend.com\/?page_id=1375"},"modified":"2023-08-16T05:23:07","modified_gmt":"2023-08-16T05:23:07","slug":"mentions-legales","status":"publish","type":"page","link":"https:\/\/sabetrend.com\/fr\/mentions-legales\/","title":{"rendered":"Mentions l\u00e9gales"},"content":{"rendered":"<section class=\"av_textblock_section \"  itemscope=\"itemscope\" itemtype=\"https:\/\/schema.org\/CreativeWork\" ><div class='avia_textblock  '   itemprop=\"text\" ><h1>Mentions l\u00e9gales<\/h1>\n<\/div><\/section>\n<section class=\"av_textblock_section \"  itemscope=\"itemscope\" itemtype=\"https:\/\/schema.org\/CreativeWork\" ><div class='avia_textblock  '   itemprop=\"text\" ><p>L\u00e9gales du site Sabetrend.com<\/p>\n<p>1. Identification de l&rsquo;\u00c9diteur du site :<\/p>\n<p>Nom de la soci\u00e9t\u00e9 : Sabetrend<br \/>\nAdresse du showroom : Passatge Marimon, 8, 08021 Barcelone<br \/>\nT\u00e9l\u00e9phone : +34 93 486 41 99<br \/>\nAdresse \u00e9lectronique : info@sabetrend.com<\/p>\n<p>2. H\u00e9bergement :<\/p>\n<p>Le site Sabetrends.com est h\u00e9berg\u00e9 par OVH.<br \/>\nAdresse : OVH, 2 rue Kellermann, 59100 Roubaix, France<br \/>\nT\u00e9l\u00e9phone : +33 9 72 10 10 07<\/p>\n<p>3. Directeur de la Publication :<\/p>\n<p>La personne responsable de la publication du site Sabetrends.com est Gala Salazar.<\/p>\n<p>4. Propri\u00e9t\u00e9 Intellectuelle :<\/p>\n<p>L&rsquo;ensemble des contenus pr\u00e9sents sur le site Sabetrends.com, incluant mais sans s&rsquo;y limiter, les graphiques, images, textes, vid\u00e9os, animations, sons, logos, gifs et ic\u00f4nes ainsi que leur mise en forme sont la propri\u00e9t\u00e9 exclusive de la soci\u00e9t\u00e9 Sabetrend \u00e0 l&rsquo;exception des marques, logos ou contenus appartenant \u00e0 d&rsquo;autres soci\u00e9t\u00e9s partenaires ou auteurs.<\/p>\n<p>Toute reproduction, distribution, modification, adaptation, retransmission ou publication, m\u00eame partielle, de ces diff\u00e9rents \u00e9l\u00e9ments est strictement interdite sans l&rsquo;accord expr\u00e8s par \u00e9crit de Sabetrend. Cette repr\u00e9sentation ou reproduction, par quelque proc\u00e9d\u00e9 que ce soit, constitue une contrefa\u00e7on sanctionn\u00e9e par les articles L.335-2 et suivants du Code de la propri\u00e9t\u00e9 intellectuelle.<\/p>\n<p>5. Liens Hypertextes :<\/p>\n<p>Le site Sabetrend.com peut contenir des liens hypertextes vers d&rsquo;autres sites pr\u00e9sents sur le r\u00e9seau Internet. Les liens vers ces autres ressources vous font quitter le site Sabetrends.com. Il est possible de cr\u00e9er un lien vers la page de pr\u00e9sentation de ce site sans autorisation expresse de Sabetrend. Aucune autorisation ou demande d&rsquo;information pr\u00e9alable ne peut \u00eatre exig\u00e9e par l&rsquo;\u00e9diteur \u00e0 l&rsquo;\u00e9gard d&rsquo;un site qui souhaite \u00e9tablir un lien vers le site de l&rsquo;\u00e9diteur.<\/p>\n<p>6. Protection des donn\u00e9es personnelles :<\/p>\n<p>Sabetrend s&rsquo;engage \u00e0 pr\u00e9server la confidentialit\u00e9 des informations fournies en ligne par l&rsquo;internaute. Toute information personnelle que l&rsquo;internaute serait amen\u00e9 \u00e0 transmettre \u00e0 Sabetrend pour l&rsquo;utilisation de certains services est soumise aux dispositions de la Loi n\u00b0 78-17 Informatique et Libert\u00e9s du 06 janvier 1978. A ce titre, l&rsquo;internaute dispose d&rsquo;un droit d&rsquo;acc\u00e8s, de rectification et de suppression des informations personnelles le concernant qu&rsquo;il peut exercer \u00e0 tout moment en adressant un courrier \u00e0 l&rsquo;adresse du showroom de Sabetrend.<\/p>\n<p>7. Limitation de responsabilit\u00e9 :<\/p>\n<p>Sabetrend s&rsquo;efforce d&rsquo;assurer au mieux de ses possibilit\u00e9s, l&rsquo;exactitude et la mise \u00e0 jour des informations diffus\u00e9es sur ce site, dont elle se r\u00e9serve le droit de corriger, \u00e0 tout moment et sans pr\u00e9avis, le contenu. Toutefois, Sabetrend ne peut garantir l&rsquo;exactitude, la pr\u00e9cision ou l&rsquo;exhaustivit\u00e9 des informations mises \u00e0 disposition sur ce site.<\/p>\n<p>8. Loi applicable :<\/p>\n<p>Les pr\u00e9sentes mentions l\u00e9gales sont r\u00e9gies par la loi espagnole. En cas de litige, et \u00e0 d\u00e9faut d&rsquo;accord amiable entre les parties, les tribunaux espagnols seront seuls comp\u00e9tents pour trancher tout diff\u00e9rend relatif \u00e0 la violation des pr\u00e9sentes.<\/p>\n<\/div><\/section>\n<div  style=' margin-top:30px; margin-bottom:30px;'  class='hr hr-custom hr-center hr-icon-yes   avia-builder-el-2  el_after_av_textblock  avia-builder-el-last '><span class='hr-inner  inner-border-av-border-thin' style=' width:50px; max-width:45%;' ><span class='hr-inner-style'><\/span><\/span><span class='av-seperator-icon'  aria-hidden='true' data-av_icon='\ue808' data-av_iconfont='entypo-fontello'><\/span><span class='hr-inner  inner-border-av-border-thin' style=' width:50px; max-width:45%;' ><span class='hr-inner-style'><\/span><\/span><\/div>\n","protected":false},"excerpt":{"rendered":"","protected":false},"author":2,"featured_media":0,"parent":0,"menu_order":0,"comment_status":"closed","ping_status":"closed","template":"","meta":{"footnotes":""},"yoast_head":"<!-- This site is optimized with the Yoast SEO plugin v21.1 - https:\/\/yoast.com\/wordpress\/plugins\/seo\/ -->\n<title>Mentions l\u00e9gales - Sabetrend<\/title>\n<meta name=\"robots\" content=\"index, follow, max-snippet:-1, max-image-preview:large, max-video-preview:-1\" \/>\n<link rel=\"canonical\" href=\"https:\/\/sabetrend.com\/fr\/mentions-legales\/\" \/>\n<meta property=\"og:locale\" content=\"fr_FR\" \/>\n<meta property=\"og:type\" content=\"article\" \/>\n<meta property=\"og:title\" content=\"Mentions l\u00e9gales - Sabetrend\" \/>\n<meta property=\"og:url\" content=\"https:\/\/sabetrend.com\/fr\/mentions-legales\/\" \/>\n<meta property=\"og:site_name\" content=\"Sabetrend\" \/>\n<meta name=\"twitter:card\" content=\"summary_large_image\" \/>\n<script type=\"application\/ld+json\" class=\"yoast-schema-graph\">{\"@context\":\"https:\/\/schema.org\",\"@graph\":[{\"@type\":\"WebPage\",\"@id\":\"https:\/\/sabetrend.com\/fr\/mentions-legales\/\",\"url\":\"https:\/\/sabetrend.com\/fr\/mentions-legales\/\",\"name\":\"Mentions l\u00e9gales - Sabetrend\",\"isPartOf\":{\"@id\":\"https:\/\/sabetrend.com\/fr\/#website\"},\"datePublished\":\"2023-08-16T05:23:07+00:00\",\"dateModified\":\"2023-08-16T05:23:07+00:00\",\"breadcrumb\":{\"@id\":\"https:\/\/sabetrend.com\/fr\/mentions-legales\/#breadcrumb\"},\"inLanguage\":\"fr-FR\",\"potentialAction\":[{\"@type\":\"ReadAction\",\"target\":[\"https:\/\/sabetrend.com\/fr\/mentions-legales\/\"]}]},{\"@type\":\"BreadcrumbList\",\"@id\":\"https:\/\/sabetrend.com\/fr\/mentions-legales\/#breadcrumb\",\"itemListElement\":[{\"@type\":\"ListItem\",\"position\":1,\"name\":\"Home\",\"item\":\"https:\/\/sabetrend.com\/fr\/\"},{\"@type\":\"ListItem\",\"position\":2,\"name\":\"Mentions l\u00e9gales\"}]},{\"@type\":\"WebSite\",\"@id\":\"https:\/\/sabetrend.com\/fr\/#website\",\"url\":\"https:\/\/sabetrend.com\/fr\/\",\"name\":\"Sabetrend\",\"description\":\"Just another WordPress site\",\"potentialAction\":[{\"@type\":\"SearchAction\",\"target\":{\"@type\":\"EntryPoint\",\"urlTemplate\":\"https:\/\/sabetrend.com\/fr\/?s={search_term_string}\"},\"query-input\":\"required name=search_term_string\"}],\"inLanguage\":\"fr-FR\"}]}<\/script>\n<!-- \/ Yoast SEO plugin. -->","yoast_head_json":{"title":"Mentions l\u00e9gales - Sabetrend","robots":{"index":"index","follow":"follow","max-snippet":"max-snippet:-1","max-image-preview":"max-image-preview:large","max-video-preview":"max-video-preview:-1"},"canonical":"https:\/\/sabetrend.com\/fr\/mentions-legales\/","og_locale":"fr_FR","og_type":"article","og_title":"Mentions l\u00e9gales - Sabetrend","og_url":"https:\/\/sabetrend.com\/fr\/mentions-legales\/","og_site_name":"Sabetrend","twitter_card":"summary_large_image","schema":{"@context":"https:\/\/schema.org","@graph":[{"@type":"WebPage","@id":"https:\/\/sabetrend.com\/fr\/mentions-legales\/","url":"https:\/\/sabetrend.com\/fr\/mentions-legales\/","name":"Mentions l\u00e9gales - Sabetrend","isPartOf":{"@id":"https:\/\/sabetrend.com\/fr\/#website"},"datePublished":"2023-08-16T05:23:07+00:00","dateModified":"2023-08-16T05:23:07+00:00","breadcrumb":{"@id":"https:\/\/sabetrend.com\/fr\/mentions-legales\/#breadcrumb"},"inLanguage":"fr-FR","potentialAction":[{"@type":"ReadAction","target":["https:\/\/sabetrend.com\/fr\/mentions-legales\/"]}]},{"@type":"BreadcrumbList","@id":"https:\/\/sabetrend.com\/fr\/mentions-legales\/#breadcrumb","itemListElement":[{"@type":"ListItem","position":1,"name":"Home","item":"https:\/\/sabetrend.com\/fr\/"},{"@type":"ListItem","position":2,"name":"Mentions l\u00e9gales"}]},{"@type":"WebSite","@id":"https:\/\/sabetrend.com\/fr\/#website","url":"https:\/\/sabetrend.com\/fr\/","name":"Sabetrend","description":"Just another WordPress site","potentialAction":[{"@type":"SearchAction","target":{"@type":"EntryPoint","urlTemplate":"https:\/\/sabetrend.com\/fr\/?s={search_term_string}"},"query-input":"required name=search_term_string"}],"inLanguage":"fr-FR"}]}},"_links":{"self":[{"href":"https:\/\/sabetrend.com\/fr\/wp-json\/wp\/v2\/pages\/1375"}],"collection":[{"href":"https:\/\/sabetrend.com\/fr\/wp-json\/wp\/v2\/pages"}],"about":[{"href":"https:\/\/sabetrend.com\/fr\/wp-json\/wp\/v2\/types\/page"}],"author":[{"embeddable":true,"href":"https:\/\/sabetrend.com\/fr\/wp-json\/wp\/v2\/users\/2"}],"replies":[{"embeddable":true,"href":"https:\/\/sabetrend.com\/fr\/wp-json\/wp\/v2\/comments?post=1375"}],"version-history":[{"count":2,"href":"https:\/\/sabetrend.com\/fr\/wp-json\/wp\/v2\/pages\/1375\/revisions"}],"predecessor-version":[{"id":1377,"href":"https:\/\/sabetrend.com\/fr\/wp-json\/wp\/v2\/pages\/1375\/revisions\/1377"}],"wp:attachment":[{"href":"https:\/\/sabetrend.com\/fr\/wp-json\/wp\/v2\/media?parent=1375"}],"curies":[{"name":"wp","href":"https:\/\/api.w.org\/{rel}","templated":true}]}}