{"id":1367,"date":"2023-08-16T04:50:49","date_gmt":"2023-08-16T04:50:49","guid":{"rendered":"https:\/\/sabetrend.com\/?page_id=1367"},"modified":"2023-08-16T04:52:34","modified_gmt":"2023-08-16T04:52:34","slug":"responsabilite-sociale","status":"publish","type":"page","link":"https:\/\/sabetrend.com\/fr\/responsabilite-sociale\/","title":{"rendered":"Sabetrend:  l&rsquo;impression textile et la responsabilit\u00e9 sociale"},"content":{"rendered":"<div id='full_slider_1'  class='avia-fullwidth-slider main_color avia-shadow   avia-builder-el-0  el_before_av_textblock  avia-builder-el-first   container_wrap fullsize' style=' '  ><div   data-size='featured_large'  data-lightbox_size='large'  data-animation='slide'  data-conditional_play=''  data-ids='286'  data-video_counter='0'  data-autoplay='false'  data-bg_slider='false'  data-slide_height=''  data-handle='av_slideshow_full'  data-interval='5'  data-class=' '  data-el_id=''  data-css_id=''  data-scroll_down=''  data-control_layout='av-control-default'  data-custom_markup=''  data-perma_caption=''  data-autoplay_stopper=''  data-image_attachment=''  data-min_height='0px'  data-src=''  data-position='top left'  data-repeat='no-repeat'  data-attach='scroll'  data-stretch=''  data-default-height='42'  class='avia-slideshow avia-slideshow-1  av-control-default av-default-height-applied avia-slideshow-featured_large av_slideshow_full   avia-slide-slider '  itemprop=\"image\" itemscope=\"itemscope\" itemtype=\"https:\/\/schema.org\/ImageObject\" ><ul class='avia-slideshow-inner ' style='padding-bottom: 41.180654338549%;' ><li  class=' av-single-slide slide-1 ' ><div data-rel='slideshow-1' class='avia-slide-wrap '   ><div class = \"caption_fullwidth av-slideshow-caption caption_bottom caption_bottom_framed caption_framed\"><div class = \"container caption_container\"><div class = \"slideshow_caption\"><div class = \"slideshow_inner_caption\"><div class = \"slideshow_align_caption\"><h2  style='font-size:68px; ' class='avia-caption-title  '  itemprop=\"name\" >Responsabilit\u00e9 Sociale<\/h2><\/div><\/div><\/div><\/div><\/div><img src='https:\/\/sabetrend.com\/wp-content\/uploads\/2018\/04\/disse\u00f1o-2.jpg' width='1406' height='579' title='design' alt=''  itemprop=\"thumbnailUrl\"   \/><\/div><\/li><\/ul><\/div><\/div><div id='after_full_slider_1'  class='main_color av_default_container_wrap container_wrap fullsize' style=' '  ><div class='container' ><div class='template-page content  av-content-full alpha units'><div class='post-entry post-entry-type-page post-entry-1367'><div class='entry-content-wrapper clearfix'>\n<section class=\"av_textblock_section \"  itemscope=\"itemscope\" itemtype=\"https:\/\/schema.org\/CreativeWork\" ><div class='avia_textblock  '   itemprop=\"text\" ><h1>La Responsabilit\u00e9 Sociale de Sabetrend : un engagement profond pour un avenir durable<\/h1>\n<\/div><\/section>\n<section class=\"av_textblock_section \"  itemscope=\"itemscope\" itemtype=\"https:\/\/schema.org\/CreativeWork\" ><div class='avia_textblock  '   itemprop=\"text\" ><p>Depuis sa cr\u00e9ation, Sabetrend s&rsquo;est positionn\u00e9e non seulement comme leader dans l&rsquo;impression de T-shirts de haute qualit\u00e9, mais aussi comme une entreprise r\u00e9solument engag\u00e9e en faveur de la responsabilit\u00e9 sociale et environnementale. Notre mission va au-del\u00e0 de la simple impression textile ; nous sommes d\u00e9termin\u00e9s \u00e0 laisser une empreinte positive sur le monde qui nous entoure. Voici comment la RSE fa\u00e7onne chaque aspect de notre activit\u00e9.<\/p>\n<h2>Un choix \u00e9clair\u00e9 de nos partenaires<\/h2>\n<p>La s\u00e9lection de nos partenaires est le reflet de notre engagement en mati\u00e8re de RSE. C&rsquo;est la raison pour laquelle nous avons choisi de travailler avec des marques telles que Stanley\/Stella, reconnues pour leurs pratiques \u00e9cologiques. Leurs T-shirts, sweatshirts et autres produits sont non seulement de qualit\u00e9 sup\u00e9rieure, mais ils sont \u00e9galement produits dans le respect de l&rsquo;environnement et des travailleurs.<\/p>\n<h2>Des mati\u00e8res premi\u00e8res \u00e9cologiques<\/h2>\n<p>L&rsquo;utilisation de produits \u00e9cologiques est au c\u0153ur de notre d\u00e9marche RSE. En privil\u00e9giant des mati\u00e8res premi\u00e8res durables et \u00e9coresponsables, nous veillons \u00e0 ce que chaque article imprim\u00e9 par Sabetrend soit respectueux de la plan\u00e8te, tout en offrant \u00e0 nos clients la qualit\u00e9 qu&rsquo;ils attendent.<\/p>\n<h2>Des processus de production respectueux<\/h2>\n<p>Notre engagement ne s&rsquo;arr\u00eate pas au choix des produits. Nous veillons \u00e9galement \u00e0 ce que nos m\u00e9thodes de production soient aussi \u00e9cologiques que possible. Cela passe par la r\u00e9duction de la consommation d&rsquo;eau, l&rsquo;utilisation d&rsquo;encres non toxiques, et la mise en place de processus de recyclage efficaces.<\/p>\n<h2>Une d\u00e9marche sociale engag\u00e9e<\/h2>\n<p>La RSE, c&rsquo;est aussi le respect et le bien-\u00eatre des individus. C&rsquo;est pourquoi nous veillons \u00e0 travailler avec des partenaires qui garantissent des conditions de travail \u00e9thiques et justes pour leurs employ\u00e9s. De plus, au sein de Sabetrend, nous cultivons un environnement de travail inclusif, \u00e9galitaire et propice \u00e0 l&rsquo;\u00e9panouissement de chaque membre de notre \u00e9quipe.<\/p>\n<h2>L&rsquo;\u00e9ducation et la sensibilisation<\/h2>\n<p>Conscients de l&rsquo;importance de sensibiliser \u00e0 la RSE, nous organisons r\u00e9guli\u00e8rement des ateliers et des formations pour nos employ\u00e9s, nos partenaires et nos clients. L&rsquo;objectif est de partager les meilleures pratiques et de promouvoir une industrie textile plus durable.<\/p>\n<h2>Une transparence totale<\/h2>\n<p>Nous croyons en la transparence totale en mati\u00e8re de RSE. C&rsquo;est pourquoi nous publions r\u00e9guli\u00e8rement des rapports d\u00e9taill\u00e9s sur nos initiatives, nos progr\u00e8s et nos objectifs en mati\u00e8re de d\u00e9veloppement durable.<\/p>\n<p>Chez Sabetrend, la RSE n&rsquo;est pas une simple tendance ou un argument marketing. C&rsquo;est une conviction profonde, ancr\u00e9e dans chaque aspect de notre activit\u00e9. En choisissant de travailler avec nous, vous vous associez \u00e0 une entreprise qui prend \u00e0 c\u0153ur son r\u00f4le dans la construction d&rsquo;un avenir meilleur pour tous.<\/p>\n<\/div><\/section>\n","protected":false},"excerpt":{"rendered":"","protected":false},"author":2,"featured_media":0,"parent":0,"menu_order":0,"comment_status":"closed","ping_status":"closed","template":"","meta":{"footnotes":""},"yoast_head":"<!-- This site is optimized with the Yoast SEO plugin v21.1 - https:\/\/yoast.com\/wordpress\/plugins\/seo\/ -->\n<title>Sabetrend: l&#039;impression textile et la responsabilit\u00e9 sociale - Sabetrend<\/title>\n<meta name=\"description\" content=\"Depuis sa cr\u00e9ation, Sabetrend s&#039;est positionn\u00e9e comme leader dans l&#039;impression textile, mais aussi comme une entreprise engag\u00e9e RSE.\" \/>\n<meta name=\"robots\" content=\"index, follow, max-snippet:-1, max-image-preview:large, max-video-preview:-1\" \/>\n<link rel=\"canonical\" href=\"https:\/\/sabetrend.com\/fr\/responsabilite-sociale\/\" \/>\n<meta property=\"og:locale\" content=\"fr_FR\" \/>\n<meta property=\"og:type\" content=\"article\" \/>\n<meta property=\"og:title\" content=\"Sabetrend: l&#039;impression textile et la responsabilit\u00e9 sociale - Sabetrend\" \/>\n<meta property=\"og:description\" content=\"Depuis sa cr\u00e9ation, Sabetrend s&#039;est positionn\u00e9e comme leader dans l&#039;impression textile, mais aussi comme une entreprise engag\u00e9e RSE.\" \/>\n<meta property=\"og:url\" content=\"https:\/\/sabetrend.com\/fr\/responsabilite-sociale\/\" \/>\n<meta property=\"og:site_name\" content=\"Sabetrend\" \/>\n<meta property=\"article:modified_time\" content=\"2023-08-16T04:52:34+00:00\" \/>\n<meta name=\"twitter:card\" content=\"summary_large_image\" \/>\n<meta name=\"twitter:label1\" content=\"Dur\u00e9e de lecture estim\u00e9e\" \/>\n\t<meta name=\"twitter:data1\" content=\"4 minutes\" \/>\n<script type=\"application\/ld+json\" class=\"yoast-schema-graph\">{\"@context\":\"https:\/\/schema.org\",\"@graph\":[{\"@type\":\"WebPage\",\"@id\":\"https:\/\/sabetrend.com\/fr\/responsabilite-sociale\/\",\"url\":\"https:\/\/sabetrend.com\/fr\/responsabilite-sociale\/\",\"name\":\"Sabetrend: l'impression textile et la responsabilit\u00e9 sociale - Sabetrend\",\"isPartOf\":{\"@id\":\"https:\/\/sabetrend.com\/fr\/#website\"},\"datePublished\":\"2023-08-16T04:50:49+00:00\",\"dateModified\":\"2023-08-16T04:52:34+00:00\",\"description\":\"Depuis sa cr\u00e9ation, Sabetrend s'est positionn\u00e9e comme leader dans l'impression textile, mais aussi comme une entreprise engag\u00e9e RSE.\",\"breadcrumb\":{\"@id\":\"https:\/\/sabetrend.com\/fr\/responsabilite-sociale\/#breadcrumb\"},\"inLanguage\":\"fr-FR\",\"potentialAction\":[{\"@type\":\"ReadAction\",\"target\":[\"https:\/\/sabetrend.com\/fr\/responsabilite-sociale\/\"]}]},{\"@type\":\"BreadcrumbList\",\"@id\":\"https:\/\/sabetrend.com\/fr\/responsabilite-sociale\/#breadcrumb\",\"itemListElement\":[{\"@type\":\"ListItem\",\"position\":1,\"name\":\"Home\",\"item\":\"https:\/\/sabetrend.com\/fr\/\"},{\"@type\":\"ListItem\",\"position\":2,\"name\":\"Sabetrend: l&#8217;impression textile et la responsabilit\u00e9 sociale\"}]},{\"@type\":\"WebSite\",\"@id\":\"https:\/\/sabetrend.com\/fr\/#website\",\"url\":\"https:\/\/sabetrend.com\/fr\/\",\"name\":\"Sabetrend\",\"description\":\"Just another WordPress site\",\"potentialAction\":[{\"@type\":\"SearchAction\",\"target\":{\"@type\":\"EntryPoint\",\"urlTemplate\":\"https:\/\/sabetrend.com\/fr\/?s={search_term_string}\"},\"query-input\":\"required name=search_term_string\"}],\"inLanguage\":\"fr-FR\"}]}<\/script>\n<!-- \/ Yoast SEO plugin. -->","yoast_head_json":{"title":"Sabetrend: l'impression textile et la responsabilit\u00e9 sociale - Sabetrend","description":"Depuis sa cr\u00e9ation, Sabetrend s'est positionn\u00e9e comme leader dans l'impression textile, mais aussi comme une entreprise engag\u00e9e RSE.","robots":{"index":"index","follow":"follow","max-snippet":"max-snippet:-1","max-image-preview":"max-image-preview:large","max-video-preview":"max-video-preview:-1"},"canonical":"https:\/\/sabetrend.com\/fr\/responsabilite-sociale\/","og_locale":"fr_FR","og_type":"article","og_title":"Sabetrend: l'impression textile et la responsabilit\u00e9 sociale - Sabetrend","og_description":"Depuis sa cr\u00e9ation, Sabetrend s'est positionn\u00e9e comme leader dans l'impression textile, mais aussi comme une entreprise engag\u00e9e RSE.","og_url":"https:\/\/sabetrend.com\/fr\/responsabilite-sociale\/","og_site_name":"Sabetrend","article_modified_time":"2023-08-16T04:52:34+00:00","twitter_card":"summary_large_image","twitter_misc":{"Dur\u00e9e de lecture estim\u00e9e":"4 minutes"},"schema":{"@context":"https:\/\/schema.org","@graph":[{"@type":"WebPage","@id":"https:\/\/sabetrend.com\/fr\/responsabilite-sociale\/","url":"https:\/\/sabetrend.com\/fr\/responsabilite-sociale\/","name":"Sabetrend: l'impression textile et la responsabilit\u00e9 sociale - Sabetrend","isPartOf":{"@id":"https:\/\/sabetrend.com\/fr\/#website"},"datePublished":"2023-08-16T04:50:49+00:00","dateModified":"2023-08-16T04:52:34+00:00","description":"Depuis sa cr\u00e9ation, Sabetrend s'est positionn\u00e9e comme leader dans l'impression textile, mais aussi comme une entreprise engag\u00e9e RSE.","breadcrumb":{"@id":"https:\/\/sabetrend.com\/fr\/responsabilite-sociale\/#breadcrumb"},"inLanguage":"fr-FR","potentialAction":[{"@type":"ReadAction","target":["https:\/\/sabetrend.com\/fr\/responsabilite-sociale\/"]}]},{"@type":"BreadcrumbList","@id":"https:\/\/sabetrend.com\/fr\/responsabilite-sociale\/#breadcrumb","itemListElement":[{"@type":"ListItem","position":1,"name":"Home","item":"https:\/\/sabetrend.com\/fr\/"},{"@type":"ListItem","position":2,"name":"Sabetrend: l&#8217;impression textile et la responsabilit\u00e9 sociale"}]},{"@type":"WebSite","@id":"https:\/\/sabetrend.com\/fr\/#website","url":"https:\/\/sabetrend.com\/fr\/","name":"Sabetrend","description":"Just another WordPress site","potentialAction":[{"@type":"SearchAction","target":{"@type":"EntryPoint","urlTemplate":"https:\/\/sabetrend.com\/fr\/?s={search_term_string}"},"query-input":"required name=search_term_string"}],"inLanguage":"fr-FR"}]}},"_links":{"self":[{"href":"https:\/\/sabetrend.com\/fr\/wp-json\/wp\/v2\/pages\/1367"}],"collection":[{"href":"https:\/\/sabetrend.com\/fr\/wp-json\/wp\/v2\/pages"}],"about":[{"href":"https:\/\/sabetrend.com\/fr\/wp-json\/wp\/v2\/types\/page"}],"author":[{"embeddable":true,"href":"https:\/\/sabetrend.com\/fr\/wp-json\/wp\/v2\/users\/2"}],"replies":[{"embeddable":true,"href":"https:\/\/sabetrend.com\/fr\/wp-json\/wp\/v2\/comments?post=1367"}],"version-history":[{"count":3,"href":"https:\/\/sabetrend.com\/fr\/wp-json\/wp\/v2\/pages\/1367\/revisions"}],"predecessor-version":[{"id":1369,"href":"https:\/\/sabetrend.com\/fr\/wp-json\/wp\/v2\/pages\/1367\/revisions\/1369"}],"wp:attachment":[{"href":"https:\/\/sabetrend.com\/fr\/wp-json\/wp\/v2\/media?parent=1367"}],"curies":[{"name":"wp","href":"https:\/\/api.w.org\/{rel}","templated":true}]}}