{"id":1166,"date":"2022-07-30T11:56:15","date_gmt":"2022-07-30T11:56:15","guid":{"rendered":"https:\/\/sabetrend.com\/techniques-de-personnalisation-des-textiles\/serigraphie-textile-pour-les-t-shirts-les-sweats-a-capuche-et-les-accessoires\/"},"modified":"2022-07-30T16:30:00","modified_gmt":"2022-07-30T16:30:00","slug":"serigraphie-textile","status":"publish","type":"page","link":"https:\/\/sabetrend.com\/fr\/techniques-de-personnalisation-textile\/serigraphie-textile\/","title":{"rendered":"S\u00e9rigraphie textile pour les T-shirts, les sweats \u00e0 capuche et les accessoires"},"content":{"rendered":"<div id='full_slider_1'  class='avia-fullwidth-slider main_color avia-shadow   avia-builder-el-0  el_before_av_textblock  avia-builder-el-first   container_wrap fullsize' style=' '  ><div   data-size='featured_large'  data-lightbox_size='large'  data-animation='slide'  data-conditional_play=''  data-ids='858'  data-video_counter='0'  data-autoplay='false'  data-bg_slider='false'  data-slide_height=''  data-handle='av_slideshow_full'  data-interval='5'  data-class=' '  data-el_id=''  data-css_id=''  data-scroll_down=''  data-control_layout='av-control-default'  data-custom_markup=''  data-perma_caption=''  data-autoplay_stopper=''  data-image_attachment=''  data-min_height='0px'  data-src=''  data-position='top left'  data-repeat='no-repeat'  data-attach='scroll'  data-stretch=''  data-default-height='42'  class='avia-slideshow avia-slideshow-1  av-control-default av-default-height-applied avia-slideshow-featured_large av_slideshow_full   avia-slide-slider '  itemprop=\"image\" itemscope=\"itemscope\" itemtype=\"https:\/\/schema.org\/ImageObject\" ><ul class='avia-slideshow-inner ' style='padding-bottom: 68.75%;' ><li  class=' av-single-slide slide-1 ' ><div data-rel='slideshow-1' class='avia-slide-wrap '   ><div class = \"caption_fullwidth av-slideshow-caption caption_bottom caption_bottom_framed caption_framed\"><div class = \"container caption_container\"><div class = \"slideshow_caption\"><div class = \"slideshow_inner_caption\"><div class = \"slideshow_align_caption\"><h2  style='font-size:58px; color:#ffffff; ' class='avia-caption-title  '  itemprop=\"name\" >S\u00e9rigraphie textile<\/h2><\/div><\/div><\/div><\/div><\/div><img src='https:\/\/sabetrend.com\/wp-content\/uploads\/2021\/02\/screen-printing.jpg' width='640' height='440' title='s\u00e9rigraphie' alt=''  itemprop=\"thumbnailUrl\"   \/><\/div><\/li><\/ul><\/div><\/div><div id='after_full_slider_1'  class='main_color av_default_container_wrap container_wrap fullsize' style=' '  ><div class='container' ><div class='template-page content  av-content-full alpha units'><div class='post-entry post-entry-type-page post-entry-1166'><div class='entry-content-wrapper clearfix'>\n<section class=\"av_textblock_section \"  itemscope=\"itemscope\" itemtype=\"https:\/\/schema.org\/CreativeWork\" ><div class='avia_textblock  '   itemprop=\"text\" ><h1><b>S\u00e9rigraphie textile pour les T-shirts, les sweats \u00e0 capuche et les accessoires<br \/>\n<\/b><\/h1>\n<\/div><\/section>\n<section class=\"av_textblock_section \"  itemscope=\"itemscope\" itemtype=\"https:\/\/schema.org\/CreativeWork\" ><div class='avia_textblock  '   itemprop=\"text\" ><p>Personnalisez tous types de textiles en grande s\u00e9rie ; imprimez avec un rendu de qualit\u00e9 pour un co\u00fbt ma\u00eetris\u00e9. La s\u00e9rigraphie est une technique d&rsquo;impression qui consiste \u00e0 transf\u00e9rer l&rsquo;encre \u00e0 travers un \u00e9cran directement sur les fibres du textile, ce qui permet au tissu de conserver toute sa souplesse, sa douceur et son confort. La s\u00e9rigraphie sur les textiles permet une impression qui garantit non seulement une couleur intense qui dure dans le temps, mais aussi une bonne opacit\u00e9. Toutes nos s\u00e9rigraphies sont r\u00e9alis\u00e9es sur des machines automatiques avec des encres sans phtalates, biod\u00e9gradables et respectueuses de l&rsquo;environnement. <strong>A partir de 80 \/ 100 unit\u00e9s<\/strong><\/p>\n<h2>Les avantages de la s\u00e9rigraphie textile<\/h2>\n<p>Dur\u00e9e Co\u00fbt Co\u00fbt Couleur Remboursement<\/p>\n<h2>Couleur Pantone<\/h2>\n<p>La s\u00e9rigraphie dispose de la norme Pantone C, ce qui signifie que si une couleur n&rsquo;existe pas dans la base Pantone, nous la cr\u00e9ons en assemblant diff\u00e9rentes couleurs \u00e0 partir d&rsquo;encres existantes. De cette fa\u00e7on, nous garantissons la correspondance exacte entre le logo du client et le r\u00e9sultat final. Nous pouvons \u00e9galement imprimer en or et en argent, ainsi qu&rsquo;avec des encres qui donnent plus de relief.<\/p>\n<h2>L&rsquo;encre p\u00e9n\u00e8tre dans le tissu<\/h2>\n<p>La s\u00e9rigraphie est une m\u00e9thode d&rsquo;impression dans laquelle l&rsquo;encre est d\u00e9pos\u00e9e sur le tissu. Une fois chauff\u00e9e, l&rsquo;encre se m\u00e9lange \u00e0 la fibre textile de sorte que le visuel reste dans le temps. La s\u00e9rigraphie est parfaitement adapt\u00e9e aux tissus l\u00e9gers car il s&rsquo;agit d&rsquo;une technique de personnalisation qui n&rsquo;endommage pas la fibre. Le visuel vieillira en m\u00eame temps que le v\u00eatement.<\/p>\n<h2>Aspect plat ou relief<\/h2>\n<p>Il est possible de cr\u00e9er des reliefs avec la s\u00e9rigraphie. Gr\u00e2ce \u00e0 un proc\u00e9d\u00e9 chimique unique, nous sommes en mesure de gaufrer les encres avec une pr\u00e9cision incroyable. Le relief est le r\u00e9sultat de la r\u00e9action entre l&rsquo;encre et la chaleur du tunnel. Cette impression en relief est aussi durable que la s\u00e9rigraphie classique. Il est \u00e9galement possible de cr\u00e9er des visuels qui alternent relief et couleurs d&rsquo;accompagnement.<\/p>\n<h2>Nos r\u00e9alisations en mati\u00e8re de s\u00e9rigraphie<\/h2>\n<p>D\u00e9couvrez les textiles personnalis\u00e9s gr\u00e2ce \u00e0 la s\u00e9rigraphie pour nos clients.<\/p>\n<h2>Une technique qui a une histoire<\/h2>\n<p>La s\u00e9rigraphie textile existe depuis de nombreuses ann\u00e9es. Il permet de d\u00e9poser l&rsquo;encre directement sur le tissu \u00e0 l&rsquo;aide d&rsquo;un pochoir. Il s&rsquo;agit d&rsquo;une technique d&rsquo;impression directe. Leur proc\u00e9d\u00e9 n\u00e9cessite la cr\u00e9ation d&rsquo;une trame par couleur, \u00e9ventuellement une autre pour la couche inf\u00e9rieure. Les couleurs sont imprim\u00e9es l&rsquo;une apr\u00e8s l&rsquo;autre.<\/p>\n<h2>Pour tous les types de tissus<\/h2>\n<p>La s\u00e9rigraphie est une technique d&rsquo;impression directe, qui peut \u00eatre utilis\u00e9e sur tous les tissus et \u00e0 tous les endroits. Sur les tissus en coton, en polyester ou en fibres recycl\u00e9es, l&rsquo;encre est fix\u00e9e de la m\u00eame mani\u00e8re avec les m\u00eames caract\u00e9ristiques techniques. Pour les zones de marquage complexes (manche, \u00e9tiquette de cou, etc.), la s\u00e9rigraphie est r\u00e9alis\u00e9e par \u00ab\u00a0transfert\u00a0\u00bb, c&rsquo;est-\u00e0-dire que l&rsquo;encre est d\u00e9pos\u00e9e sur une feuille de papier avant d&rsquo;\u00eatre appliqu\u00e9e sur le textile.<\/p>\n<h2>La s\u00e9rigraphie s&rsquo;applique \u00e0 tous les types de v\u00eatements et d&rsquo;accessoires.<\/h2>\n<p>&#8211; S\u00e9rigraphie de t-shirts et de chemises &#8211; S\u00e9rigraphie d&rsquo;accessoires &#8211; S\u00e9rigraphie de sweat-shirts et de sweats \u00e0 capuche<\/p>\n<\/div><\/section>\n<form action=\"https:\/\/sabetrend.com\/fr\/techniques-de-personnalisation-textile\/serigraphie-textile\/\" method=\"post\"  class=\"avia_ajax_form av-form-labels-visible   avia-builder-el-3  el_after_av_textblock  avia-builder-el-last   \" data-avia-form-id=\"1\" data-avia-redirect='' ><h3 class=''>Demander un devis<\/h3><fieldset><p class='  first_form  form_element form_fullwidth' id='element_avia_1_1'><label for=\"avia_1_1\">Nom <abbr class=\"required\" title=\"requis\">*<\/abbr><\/label> <input name=\"avia_1_1\" class=\"text_input is_empty\" type=\"text\" id=\"avia_1_1\" value=\"\" \/><\/p><p class='  first_form  form_element form_fullwidth' id='element_avia_2_1'><label for=\"avia_2_1\">Courriel <abbr class=\"required\" title=\"requis\">*<\/abbr><\/label> <input name=\"avia_2_1\" class=\"text_input is_email\" type=\"text\" id=\"avia_2_1\" value=\"\" \/><\/p><p class='  first_form  form_element form_fullwidth' id='element_avia_3_1'><label for=\"avia_3_1\">Sujet <abbr class=\"required\" title=\"requis\">*<\/abbr><\/label> <input name=\"avia_3_1\" class=\"text_input is_empty\" type=\"text\" id=\"avia_3_1\" value=\"\" \/><\/p><p class='  first_form  form_element form_fullwidth' id='element_avia_4_1'><label for=\"avia_4_1\" class=\"textare_label hidden textare_label_avia_4_1\">Message <abbr class=\"required\" title=\"requis\">*<\/abbr><\/label><textarea  name=\"avia_4_1\" class=\"text_area is_empty\" cols=\"40\" rows=\"7\" id=\"avia_4_1\" ><\/textarea><\/p><p class=\"hidden\"><input type=\"text\" name=\"avia_5_1\" class=\"hidden \" id=\"avia_5_1\" value=\"\" \/><\/p><div id='avia_6_1' class='av-recaptcha-area  first_form  form_element form_fullwidth '  data-container_class=\"\" data-custom_class=\"\" data-context=\"av_contact_form\" data-token_input=\"av_recaptcha_token\" data-version=\"avia_recaptcha_v2\" data-theme=\"light\" data-size=\"normal\" data-score=\"0.5\" data-text_to_preview=\"\" data-value=\"\"><div class=\"av-google-badge-message hidden\">This site is protected by reCAPTCHA and the Google <a href=\"https:\/\/policies.google.com\/privacy\">Privacy Policy<\/a> and <a href=\"https:\/\/policies.google.com\/terms\">Terms of Service<\/a> apply.<\/div><\/div><p class=\"form_element \"><input type=\"hidden\" value=\"1\" name=\"avia_generated_form1\" \/><input type=\"submit\" value=\"Envoyer\" class=\"button\"  data-sending-label=\"Envoi\"\/><\/p><\/fieldset><div class=\"avia-disabled-form\">This contact form is deactivated because you refused to accept Google reCaptcha service which is necessary to validate any messages sent by the form.<\/div><\/form><div id=\"ajaxresponse_1\" class=\"ajaxresponse ajaxresponse_1 hidden\"><\/div>\n","protected":false},"excerpt":{"rendered":"","protected":false},"author":3,"featured_media":0,"parent":1066,"menu_order":0,"comment_status":"closed","ping_status":"closed","template":"","meta":{"footnotes":""},"yoast_head":"<!-- This site is optimized with the Yoast SEO plugin v21.1 - https:\/\/yoast.com\/wordpress\/plugins\/seo\/ -->\n<title>S\u00e9rigraphie textile pour les T-shirts, les sweats \u00e0 capuche et les accessoires - Sabetrend<\/title>\n<meta name=\"description\" content=\"Personnalisez tous types de textiles en grande s\u00e9rie ; imprimez avec un rendu de qualit\u00e9 pour un co\u00fbt ma\u00eetris\u00e9.\" \/>\n<meta name=\"robots\" content=\"index, follow, max-snippet:-1, max-image-preview:large, max-video-preview:-1\" \/>\n<link rel=\"canonical\" href=\"https:\/\/sabetrend.com\/fr\/techniques-de-personnalisation-textile\/serigraphie-textile\/\" \/>\n<meta property=\"og:locale\" content=\"fr_FR\" \/>\n<meta property=\"og:type\" content=\"article\" \/>\n<meta property=\"og:title\" content=\"S\u00e9rigraphie textile pour les T-shirts, les sweats \u00e0 capuche et les accessoires - Sabetrend\" \/>\n<meta property=\"og:description\" content=\"Personnalisez tous types de textiles en grande s\u00e9rie ; imprimez avec un rendu de qualit\u00e9 pour un co\u00fbt ma\u00eetris\u00e9.\" \/>\n<meta property=\"og:url\" content=\"https:\/\/sabetrend.com\/fr\/techniques-de-personnalisation-textile\/serigraphie-textile\/\" \/>\n<meta property=\"og:site_name\" content=\"Sabetrend\" \/>\n<meta property=\"article:modified_time\" content=\"2022-07-30T16:30:00+00:00\" \/>\n<meta name=\"twitter:card\" content=\"summary_large_image\" \/>\n<meta name=\"twitter:label1\" content=\"Dur\u00e9e de lecture estim\u00e9e\" \/>\n\t<meta name=\"twitter:data1\" content=\"5 minutes\" \/>\n<script type=\"application\/ld+json\" class=\"yoast-schema-graph\">{\"@context\":\"https:\/\/schema.org\",\"@graph\":[{\"@type\":\"WebPage\",\"@id\":\"https:\/\/sabetrend.com\/fr\/techniques-de-personnalisation-textile\/serigraphie-textile\/\",\"url\":\"https:\/\/sabetrend.com\/fr\/techniques-de-personnalisation-textile\/serigraphie-textile\/\",\"name\":\"S\u00e9rigraphie textile pour les T-shirts, les sweats \u00e0 capuche et les accessoires - Sabetrend\",\"isPartOf\":{\"@id\":\"https:\/\/sabetrend.com\/fr\/#website\"},\"datePublished\":\"2022-07-30T11:56:15+00:00\",\"dateModified\":\"2022-07-30T16:30:00+00:00\",\"description\":\"Personnalisez tous types de textiles en grande s\u00e9rie ; imprimez avec un rendu de qualit\u00e9 pour un co\u00fbt ma\u00eetris\u00e9.\",\"breadcrumb\":{\"@id\":\"https:\/\/sabetrend.com\/fr\/techniques-de-personnalisation-textile\/serigraphie-textile\/#breadcrumb\"},\"inLanguage\":\"fr-FR\",\"potentialAction\":[{\"@type\":\"ReadAction\",\"target\":[\"https:\/\/sabetrend.com\/fr\/techniques-de-personnalisation-textile\/serigraphie-textile\/\"]}]},{\"@type\":\"BreadcrumbList\",\"@id\":\"https:\/\/sabetrend.com\/fr\/techniques-de-personnalisation-textile\/serigraphie-textile\/#breadcrumb\",\"itemListElement\":[{\"@type\":\"ListItem\",\"position\":1,\"name\":\"Home\",\"item\":\"https:\/\/sabetrend.com\/fr\/\"},{\"@type\":\"ListItem\",\"position\":2,\"name\":\"Techniques de personnalisation textile\",\"item\":\"https:\/\/sabetrend.com\/fr\/techniques-de-personnalisation-textile\/\"},{\"@type\":\"ListItem\",\"position\":3,\"name\":\"S\u00e9rigraphie textile pour les T-shirts, les sweats \u00e0 capuche et les accessoires\"}]},{\"@type\":\"WebSite\",\"@id\":\"https:\/\/sabetrend.com\/fr\/#website\",\"url\":\"https:\/\/sabetrend.com\/fr\/\",\"name\":\"Sabetrend\",\"description\":\"Just another WordPress site\",\"potentialAction\":[{\"@type\":\"SearchAction\",\"target\":{\"@type\":\"EntryPoint\",\"urlTemplate\":\"https:\/\/sabetrend.com\/fr\/?s={search_term_string}\"},\"query-input\":\"required name=search_term_string\"}],\"inLanguage\":\"fr-FR\"}]}<\/script>\n<!-- \/ Yoast SEO plugin. -->","yoast_head_json":{"title":"S\u00e9rigraphie textile pour les T-shirts, les sweats \u00e0 capuche et les accessoires - Sabetrend","description":"Personnalisez tous types de textiles en grande s\u00e9rie ; imprimez avec un rendu de qualit\u00e9 pour un co\u00fbt ma\u00eetris\u00e9.","robots":{"index":"index","follow":"follow","max-snippet":"max-snippet:-1","max-image-preview":"max-image-preview:large","max-video-preview":"max-video-preview:-1"},"canonical":"https:\/\/sabetrend.com\/fr\/techniques-de-personnalisation-textile\/serigraphie-textile\/","og_locale":"fr_FR","og_type":"article","og_title":"S\u00e9rigraphie textile pour les T-shirts, les sweats \u00e0 capuche et les accessoires - Sabetrend","og_description":"Personnalisez tous types de textiles en grande s\u00e9rie ; imprimez avec un rendu de qualit\u00e9 pour un co\u00fbt ma\u00eetris\u00e9.","og_url":"https:\/\/sabetrend.com\/fr\/techniques-de-personnalisation-textile\/serigraphie-textile\/","og_site_name":"Sabetrend","article_modified_time":"2022-07-30T16:30:00+00:00","twitter_card":"summary_large_image","twitter_misc":{"Dur\u00e9e de lecture estim\u00e9e":"5 minutes"},"schema":{"@context":"https:\/\/schema.org","@graph":[{"@type":"WebPage","@id":"https:\/\/sabetrend.com\/fr\/techniques-de-personnalisation-textile\/serigraphie-textile\/","url":"https:\/\/sabetrend.com\/fr\/techniques-de-personnalisation-textile\/serigraphie-textile\/","name":"S\u00e9rigraphie textile pour les T-shirts, les sweats \u00e0 capuche et les accessoires - Sabetrend","isPartOf":{"@id":"https:\/\/sabetrend.com\/fr\/#website"},"datePublished":"2022-07-30T11:56:15+00:00","dateModified":"2022-07-30T16:30:00+00:00","description":"Personnalisez tous types de textiles en grande s\u00e9rie ; imprimez avec un rendu de qualit\u00e9 pour un co\u00fbt ma\u00eetris\u00e9.","breadcrumb":{"@id":"https:\/\/sabetrend.com\/fr\/techniques-de-personnalisation-textile\/serigraphie-textile\/#breadcrumb"},"inLanguage":"fr-FR","potentialAction":[{"@type":"ReadAction","target":["https:\/\/sabetrend.com\/fr\/techniques-de-personnalisation-textile\/serigraphie-textile\/"]}]},{"@type":"BreadcrumbList","@id":"https:\/\/sabetrend.com\/fr\/techniques-de-personnalisation-textile\/serigraphie-textile\/#breadcrumb","itemListElement":[{"@type":"ListItem","position":1,"name":"Home","item":"https:\/\/sabetrend.com\/fr\/"},{"@type":"ListItem","position":2,"name":"Techniques de personnalisation textile","item":"https:\/\/sabetrend.com\/fr\/techniques-de-personnalisation-textile\/"},{"@type":"ListItem","position":3,"name":"S\u00e9rigraphie textile pour les T-shirts, les sweats \u00e0 capuche et les accessoires"}]},{"@type":"WebSite","@id":"https:\/\/sabetrend.com\/fr\/#website","url":"https:\/\/sabetrend.com\/fr\/","name":"Sabetrend","description":"Just another WordPress site","potentialAction":[{"@type":"SearchAction","target":{"@type":"EntryPoint","urlTemplate":"https:\/\/sabetrend.com\/fr\/?s={search_term_string}"},"query-input":"required name=search_term_string"}],"inLanguage":"fr-FR"}]}},"_links":{"self":[{"href":"https:\/\/sabetrend.com\/fr\/wp-json\/wp\/v2\/pages\/1166"}],"collection":[{"href":"https:\/\/sabetrend.com\/fr\/wp-json\/wp\/v2\/pages"}],"about":[{"href":"https:\/\/sabetrend.com\/fr\/wp-json\/wp\/v2\/types\/page"}],"author":[{"embeddable":true,"href":"https:\/\/sabetrend.com\/fr\/wp-json\/wp\/v2\/users\/3"}],"replies":[{"embeddable":true,"href":"https:\/\/sabetrend.com\/fr\/wp-json\/wp\/v2\/comments?post=1166"}],"version-history":[{"count":3,"href":"https:\/\/sabetrend.com\/fr\/wp-json\/wp\/v2\/pages\/1166\/revisions"}],"predecessor-version":[{"id":1216,"href":"https:\/\/sabetrend.com\/fr\/wp-json\/wp\/v2\/pages\/1166\/revisions\/1216"}],"up":[{"embeddable":true,"href":"https:\/\/sabetrend.com\/fr\/wp-json\/wp\/v2\/pages\/1066"}],"wp:attachment":[{"href":"https:\/\/sabetrend.com\/fr\/wp-json\/wp\/v2\/media?parent=1166"}],"curies":[{"name":"wp","href":"https:\/\/api.w.org\/{rel}","templated":true}]}}