{"id":1160,"date":"2022-07-30T11:56:12","date_gmt":"2022-07-30T11:56:12","guid":{"rendered":"https:\/\/sabetrend.com\/techniques-de-personnalisation-des-textiles\/impression-numerique-sur-textiles-t-shirts-sweatshirts-casquettes\/"},"modified":"2022-07-30T16:29:14","modified_gmt":"2022-07-30T16:29:14","slug":"impression-numerique-sur-textiles","status":"publish","type":"page","link":"https:\/\/sabetrend.com\/fr\/techniques-de-personnalisation-textile\/impression-numerique-sur-textiles\/","title":{"rendered":"Impression num\u00e9rique sur textiles : T-shirts, sweatshirts, casquettes&#8230;"},"content":{"rendered":"<div id='full_slider_1'  class='avia-fullwidth-slider main_color avia-shadow   avia-builder-el-0  el_before_av_textblock  avia-builder-el-first   container_wrap fullsize' style=' '  ><div   data-size='featured_large'  data-lightbox_size='large'  data-animation='slide'  data-conditional_play=''  data-ids='849'  data-video_counter='0'  data-autoplay='false'  data-bg_slider='false'  data-slide_height=''  data-handle='av_slideshow_full'  data-interval='5'  data-class=' '  data-el_id=''  data-css_id=''  data-scroll_down=''  data-control_layout='av-control-default'  data-custom_markup=''  data-perma_caption=''  data-autoplay_stopper=''  data-image_attachment=''  data-min_height='0px'  data-src=''  data-position='top left'  data-repeat='no-repeat'  data-attach='scroll'  data-stretch=''  data-default-height='42'  class='avia-slideshow avia-slideshow-1  av-control-default av-default-height-applied avia-slideshow-featured_large av_slideshow_full   avia-slide-slider '  itemprop=\"image\" itemscope=\"itemscope\" itemtype=\"https:\/\/schema.org\/ImageObject\" ><ul class='avia-slideshow-inner ' style='padding-bottom: 42%;' ><li  class=' av-single-slide slide-1 ' ><div data-rel='slideshow-1' class='avia-slide-wrap '   ><div class = \"caption_fullwidth av-slideshow-caption caption_bottom caption_bottom_framed caption_framed\"><div class = \"container caption_container\"><div class = \"slideshow_caption\"><div class = \"slideshow_inner_caption\"><div class = \"slideshow_align_caption\"><h2  style='font-size:58px; color:#ffffff; ' class='avia-caption-title  '  itemprop=\"name\" >Impression num\u00e9rique sur textile<\/h2><\/div><\/div><\/div><\/div><\/div><img src='https:\/\/sabetrend.com\/wp-content\/uploads\/2021\/02\/impresion-digital-textile-1500x630.jpg' width='1500' height='630' title='impression textile num\u00e9rique' alt=''  itemprop=\"thumbnailUrl\"   \/><\/div><\/li><\/ul><\/div><\/div><div id='after_full_slider_1'  class='main_color av_default_container_wrap container_wrap fullsize' style=' '  ><div class='container' ><div class='template-page content  av-content-full alpha units'><div class='post-entry post-entry-type-page post-entry-1160'><div class='entry-content-wrapper clearfix'>\n<section class=\"av_textblock_section \"  itemscope=\"itemscope\" itemtype=\"https:\/\/schema.org\/CreativeWork\" ><div class='avia_textblock  '   itemprop=\"text\" ><h1>Impression num\u00e9rique sur textiles : T-shirts, sweatshirts, casquettes&#8230;<\/h1>\n<\/div><\/section>\n<section class=\"av_textblock_section \"  itemscope=\"itemscope\" itemtype=\"https:\/\/schema.org\/CreativeWork\" ><div class='avia_textblock  '   itemprop=\"text\" ><p>Qu&rsquo;il s&rsquo;agisse de petites s\u00e9ries ou d&rsquo;\u00e9l\u00e9ments visuels tr\u00e8s complexes, nous recommandons l&rsquo;impression num\u00e9rique sur textile. L&rsquo;impression num\u00e9rique est une technique d&rsquo;impression tr\u00e8s diff\u00e9rente. Elle n&rsquo;utilise pas une forme d&rsquo;impression, mais se fait \u00e0 la demande \u00e0 partir d&rsquo;un ordinateur.<\/p>\n<h2>Pourquoi choisir l&rsquo;impression num\u00e9rique directe ?<\/h2>\n<p>L&rsquo;impression num\u00e9rique directe est particuli\u00e8rement adapt\u00e9e aux dessins multicolores avec des d\u00e9grad\u00e9s et un rendu r\u00e9aliste. Il est utilis\u00e9 en pi\u00e8ces, mais aussi en petites et moyennes s\u00e9ries.<\/p>\n<h2>Les avantages de l&rsquo;impression directe sur tissu<\/h2>\n<p>L&rsquo;impression num\u00e9rique offre un tel degr\u00e9 de libert\u00e9 d&rsquo;impression que ses avantages sont ind\u00e9niables : &#8211; la technique d&rsquo;impression la plus pr\u00e9cise &#8211; toutes les images sont reproductibles avec cette technique : couleurs illimit\u00e9es, d\u00e9grad\u00e9s, contours complexes, etc. &#8211; longue dur\u00e9e de vie du produit fini gr\u00e2ce \u00e0 l&rsquo;impr\u00e9gnation des fibres du tissu par l&rsquo;encre d&rsquo;impression &#8211; id\u00e9al pour les petites et moyennes s\u00e9ries &#8211; impression possible sur des T-shirts blancs et color\u00e9s (m\u00eame fonc\u00e9s)<\/p>\n<h2>Visuels complexes ou d\u00e9grad\u00e9s<\/h2>\n<p>Le marquage des textiles avec des visuels ultra-complexes ou d\u00e9grad\u00e9s est d\u00e9sormais possible gr\u00e2ce \u00e0 cette technologie. Les imprimantes textiles fonctionnent comme les imprimantes papier. Ils impriment des graphiques directement sur la fibre textile avec une pr\u00e9cision unique. Sur ses tissus de couleur claire, quelle que soit l&rsquo;\u00e9paisseur, l&rsquo;impression est de grande qualit\u00e9.<\/p>\n<h2>R\u00e9f\u00e9rence de la couleur CMYK<\/h2>\n<p>Toute l&rsquo;impression textile est r\u00e9alis\u00e9e dans notre atelier avec des machines de pointe qui assurent une finition de haute qualit\u00e9. Comme pour une imprimante grand format, les couleurs sont cr\u00e9\u00e9es \u00e0 l&rsquo;aide d&rsquo;un m\u00e9lange de cyan, jaune, magenta et noir, ce qui permet d&rsquo;obtenir des performances imbattables sur les textiles.<\/p>\n<h2>Encre \u00e0 base d&rsquo;eau<\/h2>\n<p>Les imprimantes num\u00e9riques Sabetrend utilisent des encres \u00e0 base d&rsquo;eau pour une impression 100 % \u00e9cologique%. Cet engagement ne se fait pas au d\u00e9triment de la qualit\u00e9. La durabilit\u00e9 est identique \u00e0 celle des impressions num\u00e9riques r\u00e9alis\u00e9es avec des encres classiques. Un autre avantage de ces encres \u00e0 base d&rsquo;eau est que la reproduction des couleurs est de meilleure qualit\u00e9 que celle des encres traditionnelles.<\/p>\n<h2>Nos textiles personnalisables pour l&rsquo;impression num\u00e9rique<\/h2>\n<p>Impression num\u00e9rique de tee-shirts Impression num\u00e9rique de tee-shirts Impression douce de tee-shirts Accessoires d&rsquo;impression num\u00e9rique Impression en petites quantit\u00e9s<\/p>\n<h2>Pour tous les types de textiles<\/h2>\n<p>L&rsquo;impression num\u00e9rique convient \u00e0 tous les tissus. Son mode d&rsquo;application n\u00e9cessite une surface plane, le tissu doit donc \u00eatre suffisamment souple pour \u00eatre plac\u00e9 sur les jeannettes d&rsquo;impression. Le r\u00e9sultat ne varie pas en fonction du mat\u00e9riau. L&rsquo;encre est fix\u00e9e de la m\u00eame mani\u00e8re et avec les m\u00eames caract\u00e9ristiques techniques sur des tissus en coton ou en fibres recycl\u00e9es.<\/p>\n<\/div><\/section>\n<form action=\"https:\/\/sabetrend.com\/fr\/techniques-de-personnalisation-textile\/impression-numerique-sur-textiles\/\" method=\"post\"  class=\"avia_ajax_form av-form-labels-visible   avia-builder-el-3  el_after_av_textblock  avia-builder-el-last   \" data-avia-form-id=\"1\" data-avia-redirect='' ><h3 class=''>Demander un devis<\/h3><fieldset><p class='  first_form  form_element form_fullwidth' id='element_avia_1_1'><label for=\"avia_1_1\">Nom <abbr class=\"required\" title=\"requis\">*<\/abbr><\/label> <input name=\"avia_1_1\" class=\"text_input is_empty\" type=\"text\" id=\"avia_1_1\" value=\"\" \/><\/p><p class='  first_form  form_element form_fullwidth' id='element_avia_2_1'><label for=\"avia_2_1\">Courriel <abbr class=\"required\" title=\"requis\">*<\/abbr><\/label> <input name=\"avia_2_1\" class=\"text_input is_email\" type=\"text\" id=\"avia_2_1\" value=\"\" \/><\/p><p class='  first_form  form_element form_fullwidth' id='element_avia_3_1'><label for=\"avia_3_1\">Sujet <abbr class=\"required\" title=\"requis\">*<\/abbr><\/label> <input name=\"avia_3_1\" class=\"text_input is_empty\" type=\"text\" id=\"avia_3_1\" value=\"\" \/><\/p><p class='  first_form  form_element form_fullwidth' id='element_avia_4_1'><label for=\"avia_4_1\" class=\"textare_label hidden textare_label_avia_4_1\">Message <abbr class=\"required\" title=\"requis\">*<\/abbr><\/label><textarea  name=\"avia_4_1\" class=\"text_area is_empty\" cols=\"40\" rows=\"7\" id=\"avia_4_1\" ><\/textarea><\/p><p class=\"hidden\"><input type=\"text\" name=\"avia_5_1\" class=\"hidden \" id=\"avia_5_1\" value=\"\" \/><\/p><div id='avia_6_1' class='av-recaptcha-area  first_form  form_element form_fullwidth '  data-container_class=\"\" data-custom_class=\"\" data-context=\"av_contact_form\" data-token_input=\"av_recaptcha_token\" data-version=\"avia_recaptcha_v2\" data-theme=\"light\" data-size=\"normal\" data-score=\"0.5\" data-text_to_preview=\"\" data-value=\"\"><div class=\"av-google-badge-message hidden\">This site is protected by reCAPTCHA and the Google <a href=\"https:\/\/policies.google.com\/privacy\">Privacy Policy<\/a> and <a href=\"https:\/\/policies.google.com\/terms\">Terms of Service<\/a> apply.<\/div><\/div><p class=\"form_element \"><input type=\"hidden\" value=\"1\" name=\"avia_generated_form1\" \/><input type=\"submit\" value=\"Envoyer\" class=\"button\"  data-sending-label=\"Envoi\"\/><\/p><\/fieldset><div class=\"avia-disabled-form\">This contact form is deactivated because you refused to accept Google reCaptcha service which is necessary to validate any messages sent by the form.<\/div><\/form><div id=\"ajaxresponse_1\" class=\"ajaxresponse ajaxresponse_1 hidden\"><\/div>\n","protected":false},"excerpt":{"rendered":"","protected":false},"author":3,"featured_media":0,"parent":1066,"menu_order":0,"comment_status":"closed","ping_status":"closed","template":"","meta":{"footnotes":""},"yoast_head":"<!-- This site is optimized with the Yoast SEO plugin v21.1 - https:\/\/yoast.com\/wordpress\/plugins\/seo\/ -->\n<title>Impression num\u00e9rique sur textiles : T-shirts, sweatshirts, casquettes...Impression num\u00e9rique sur textiles : T-shirts, sweatshirts, casquettes... - Sabetrend<\/title>\n<meta name=\"description\" content=\"L&#039;impression num\u00e9rique convient \u00e0 tous les tissus. Son mode d&#039;application n\u00e9cessite une surface plane\" \/>\n<meta name=\"robots\" content=\"index, follow, max-snippet:-1, max-image-preview:large, max-video-preview:-1\" \/>\n<link rel=\"canonical\" href=\"https:\/\/sabetrend.com\/fr\/techniques-de-personnalisation-textile\/impression-numerique-sur-textiles\/\" \/>\n<meta property=\"og:locale\" content=\"fr_FR\" \/>\n<meta property=\"og:type\" content=\"article\" \/>\n<meta property=\"og:title\" content=\"Impression num\u00e9rique sur textiles : T-shirts, sweatshirts, casquettes...Impression num\u00e9rique sur textiles : T-shirts, sweatshirts, casquettes... - Sabetrend\" \/>\n<meta property=\"og:description\" content=\"L&#039;impression num\u00e9rique convient \u00e0 tous les tissus. Son mode d&#039;application n\u00e9cessite une surface plane\" \/>\n<meta property=\"og:url\" content=\"https:\/\/sabetrend.com\/fr\/techniques-de-personnalisation-textile\/impression-numerique-sur-textiles\/\" \/>\n<meta property=\"og:site_name\" content=\"Sabetrend\" \/>\n<meta property=\"article:modified_time\" content=\"2022-07-30T16:29:14+00:00\" \/>\n<meta name=\"twitter:card\" content=\"summary_large_image\" \/>\n<meta name=\"twitter:label1\" content=\"Dur\u00e9e de lecture estim\u00e9e\" \/>\n\t<meta name=\"twitter:data1\" content=\"5 minutes\" \/>\n<script type=\"application\/ld+json\" class=\"yoast-schema-graph\">{\"@context\":\"https:\/\/schema.org\",\"@graph\":[{\"@type\":\"WebPage\",\"@id\":\"https:\/\/sabetrend.com\/fr\/techniques-de-personnalisation-textile\/impression-numerique-sur-textiles\/\",\"url\":\"https:\/\/sabetrend.com\/fr\/techniques-de-personnalisation-textile\/impression-numerique-sur-textiles\/\",\"name\":\"Impression num\u00e9rique sur textiles : T-shirts, sweatshirts, casquettes...Impression num\u00e9rique sur textiles : T-shirts, sweatshirts, casquettes... - Sabetrend\",\"isPartOf\":{\"@id\":\"https:\/\/sabetrend.com\/fr\/#website\"},\"datePublished\":\"2022-07-30T11:56:12+00:00\",\"dateModified\":\"2022-07-30T16:29:14+00:00\",\"description\":\"L'impression num\u00e9rique convient \u00e0 tous les tissus. Son mode d'application n\u00e9cessite une surface plane\",\"breadcrumb\":{\"@id\":\"https:\/\/sabetrend.com\/fr\/techniques-de-personnalisation-textile\/impression-numerique-sur-textiles\/#breadcrumb\"},\"inLanguage\":\"fr-FR\",\"potentialAction\":[{\"@type\":\"ReadAction\",\"target\":[\"https:\/\/sabetrend.com\/fr\/techniques-de-personnalisation-textile\/impression-numerique-sur-textiles\/\"]}]},{\"@type\":\"BreadcrumbList\",\"@id\":\"https:\/\/sabetrend.com\/fr\/techniques-de-personnalisation-textile\/impression-numerique-sur-textiles\/#breadcrumb\",\"itemListElement\":[{\"@type\":\"ListItem\",\"position\":1,\"name\":\"Home\",\"item\":\"https:\/\/sabetrend.com\/fr\/\"},{\"@type\":\"ListItem\",\"position\":2,\"name\":\"Techniques de personnalisation textile\",\"item\":\"https:\/\/sabetrend.com\/fr\/techniques-de-personnalisation-textile\/\"},{\"@type\":\"ListItem\",\"position\":3,\"name\":\"Impression num\u00e9rique sur textiles : T-shirts, sweatshirts, casquettes&#8230;\"}]},{\"@type\":\"WebSite\",\"@id\":\"https:\/\/sabetrend.com\/fr\/#website\",\"url\":\"https:\/\/sabetrend.com\/fr\/\",\"name\":\"Sabetrend\",\"description\":\"Just another WordPress site\",\"potentialAction\":[{\"@type\":\"SearchAction\",\"target\":{\"@type\":\"EntryPoint\",\"urlTemplate\":\"https:\/\/sabetrend.com\/fr\/?s={search_term_string}\"},\"query-input\":\"required name=search_term_string\"}],\"inLanguage\":\"fr-FR\"}]}<\/script>\n<!-- \/ Yoast SEO plugin. -->","yoast_head_json":{"title":"Impression num\u00e9rique sur textiles : T-shirts, sweatshirts, casquettes...Impression num\u00e9rique sur textiles : T-shirts, sweatshirts, casquettes... - Sabetrend","description":"L'impression num\u00e9rique convient \u00e0 tous les tissus. Son mode d'application n\u00e9cessite une surface plane","robots":{"index":"index","follow":"follow","max-snippet":"max-snippet:-1","max-image-preview":"max-image-preview:large","max-video-preview":"max-video-preview:-1"},"canonical":"https:\/\/sabetrend.com\/fr\/techniques-de-personnalisation-textile\/impression-numerique-sur-textiles\/","og_locale":"fr_FR","og_type":"article","og_title":"Impression num\u00e9rique sur textiles : T-shirts, sweatshirts, casquettes...Impression num\u00e9rique sur textiles : T-shirts, sweatshirts, casquettes... - Sabetrend","og_description":"L'impression num\u00e9rique convient \u00e0 tous les tissus. Son mode d'application n\u00e9cessite une surface plane","og_url":"https:\/\/sabetrend.com\/fr\/techniques-de-personnalisation-textile\/impression-numerique-sur-textiles\/","og_site_name":"Sabetrend","article_modified_time":"2022-07-30T16:29:14+00:00","twitter_card":"summary_large_image","twitter_misc":{"Dur\u00e9e de lecture estim\u00e9e":"5 minutes"},"schema":{"@context":"https:\/\/schema.org","@graph":[{"@type":"WebPage","@id":"https:\/\/sabetrend.com\/fr\/techniques-de-personnalisation-textile\/impression-numerique-sur-textiles\/","url":"https:\/\/sabetrend.com\/fr\/techniques-de-personnalisation-textile\/impression-numerique-sur-textiles\/","name":"Impression num\u00e9rique sur textiles : T-shirts, sweatshirts, casquettes...Impression num\u00e9rique sur textiles : T-shirts, sweatshirts, casquettes... - Sabetrend","isPartOf":{"@id":"https:\/\/sabetrend.com\/fr\/#website"},"datePublished":"2022-07-30T11:56:12+00:00","dateModified":"2022-07-30T16:29:14+00:00","description":"L'impression num\u00e9rique convient \u00e0 tous les tissus. Son mode d'application n\u00e9cessite une surface plane","breadcrumb":{"@id":"https:\/\/sabetrend.com\/fr\/techniques-de-personnalisation-textile\/impression-numerique-sur-textiles\/#breadcrumb"},"inLanguage":"fr-FR","potentialAction":[{"@type":"ReadAction","target":["https:\/\/sabetrend.com\/fr\/techniques-de-personnalisation-textile\/impression-numerique-sur-textiles\/"]}]},{"@type":"BreadcrumbList","@id":"https:\/\/sabetrend.com\/fr\/techniques-de-personnalisation-textile\/impression-numerique-sur-textiles\/#breadcrumb","itemListElement":[{"@type":"ListItem","position":1,"name":"Home","item":"https:\/\/sabetrend.com\/fr\/"},{"@type":"ListItem","position":2,"name":"Techniques de personnalisation textile","item":"https:\/\/sabetrend.com\/fr\/techniques-de-personnalisation-textile\/"},{"@type":"ListItem","position":3,"name":"Impression num\u00e9rique sur textiles : T-shirts, sweatshirts, casquettes&#8230;"}]},{"@type":"WebSite","@id":"https:\/\/sabetrend.com\/fr\/#website","url":"https:\/\/sabetrend.com\/fr\/","name":"Sabetrend","description":"Just another WordPress site","potentialAction":[{"@type":"SearchAction","target":{"@type":"EntryPoint","urlTemplate":"https:\/\/sabetrend.com\/fr\/?s={search_term_string}"},"query-input":"required name=search_term_string"}],"inLanguage":"fr-FR"}]}},"_links":{"self":[{"href":"https:\/\/sabetrend.com\/fr\/wp-json\/wp\/v2\/pages\/1160"}],"collection":[{"href":"https:\/\/sabetrend.com\/fr\/wp-json\/wp\/v2\/pages"}],"about":[{"href":"https:\/\/sabetrend.com\/fr\/wp-json\/wp\/v2\/types\/page"}],"author":[{"embeddable":true,"href":"https:\/\/sabetrend.com\/fr\/wp-json\/wp\/v2\/users\/3"}],"replies":[{"embeddable":true,"href":"https:\/\/sabetrend.com\/fr\/wp-json\/wp\/v2\/comments?post=1160"}],"version-history":[{"count":3,"href":"https:\/\/sabetrend.com\/fr\/wp-json\/wp\/v2\/pages\/1160\/revisions"}],"predecessor-version":[{"id":1214,"href":"https:\/\/sabetrend.com\/fr\/wp-json\/wp\/v2\/pages\/1160\/revisions\/1214"}],"up":[{"embeddable":true,"href":"https:\/\/sabetrend.com\/fr\/wp-json\/wp\/v2\/pages\/1066"}],"wp:attachment":[{"href":"https:\/\/sabetrend.com\/fr\/wp-json\/wp\/v2\/media?parent=1160"}],"curies":[{"name":"wp","href":"https:\/\/api.w.org\/{rel}","templated":true}]}}