{"id":1154,"date":"2022-07-30T11:56:09","date_gmt":"2022-07-30T11:56:09","guid":{"rendered":"https:\/\/sabetrend.com\/techniques-de-personnalisation-des-textiles\/broderie-textile-personnalisee-pour-t-shirts-sweatshirts-et-autres\/"},"modified":"2022-07-30T16:27:09","modified_gmt":"2022-07-30T16:27:09","slug":"broderie-textile-personnalisee","status":"publish","type":"page","link":"https:\/\/sabetrend.com\/fr\/techniques-de-personnalisation-textile\/broderie-textile-personnalisee\/","title":{"rendered":"Broderie textile personnalis\u00e9e pour T-shirts, sweatshirts et autres"},"content":{"rendered":"<div id='full_slider_1'  class='avia-fullwidth-slider main_color avia-shadow   avia-builder-el-0  el_before_av_textblock  avia-builder-el-first   container_wrap fullsize' style=' '  ><div   data-size='featured_large'  data-lightbox_size='large'  data-animation='slide'  data-conditional_play=''  data-ids='840'  data-video_counter='0'  data-autoplay='false'  data-bg_slider='false'  data-slide_height=''  data-handle='av_slideshow_full'  data-interval='5'  data-class=' '  data-el_id=''  data-css_id=''  data-scroll_down=''  data-control_layout='av-control-default'  data-custom_markup=''  data-perma_caption=''  data-autoplay_stopper=''  data-image_attachment=''  data-min_height='0px'  data-src=''  data-position='top left'  data-repeat='no-repeat'  data-attach='scroll'  data-stretch=''  data-default-height='42'  class='avia-slideshow avia-slideshow-1  av-control-default av-default-height-applied avia-slideshow-featured_large av_slideshow_full   avia-slide-slider '  itemprop=\"image\" itemscope=\"itemscope\" itemtype=\"https:\/\/schema.org\/ImageObject\" ><ul class='avia-slideshow-inner ' style='padding-bottom: 42%;' ><li  class=' av-single-slide slide-1 ' ><div data-rel='slideshow-1' class='avia-slide-wrap '   ><div class = \"caption_fullwidth av-slideshow-caption caption_bottom caption_bottom_framed caption_framed\"><div class = \"container caption_container\"><div class = \"slideshow_caption\"><div class = \"slideshow_inner_caption\"><div class = \"slideshow_align_caption\"><h2  style='font-size:58px; color:#ffffff; ' class='avia-caption-title  '  itemprop=\"name\" >Broderie textile personnalis\u00e9e<\/h2><\/div><\/div><\/div><\/div><\/div><img src='https:\/\/sabetrend.com\/wp-content\/uploads\/2021\/02\/bordado-personalizado-textil-1500x630.jpg' width='1500' height='630' title='broderie-personnalis\u00e9e-textile' alt=''  itemprop=\"thumbnailUrl\"   \/><\/div><\/li><\/ul><\/div><\/div><div id='after_full_slider_1'  class='main_color av_default_container_wrap container_wrap fullsize' style=' '  ><div class='container' ><div class='template-page content  av-content-full alpha units'><div class='post-entry post-entry-type-page post-entry-1154'><div class='entry-content-wrapper clearfix'>\n<section class=\"av_textblock_section \"  itemscope=\"itemscope\" itemtype=\"https:\/\/schema.org\/CreativeWork\" ><div class='avia_textblock  '   itemprop=\"text\" ><h1>Broderie textile personnalis\u00e9e pour les T-shirts, les sweat-shirts, les casquettes, etc.<\/h1>\n<\/div><\/section>\n<section class=\"av_textblock_section \"  itemscope=\"itemscope\" itemtype=\"https:\/\/schema.org\/CreativeWork\" ><div class='avia_textblock  '   itemprop=\"text\" ><p>La broderie est la technique id\u00e9ale pour tous ceux qui recherchent une personnalisation durable d&rsquo;un support textile et, en m\u00eame temps, une touche de prestige. En optant pour la broderie sur vos v\u00eatements et accessoires textiles, vous \u00eates assur\u00e9 d&rsquo;une forte personnalisation, d&rsquo;une excellente reproduction des couleurs et d&rsquo;un effet \u00e9l\u00e9gant au toucher et \u00e0 l&rsquo;\u0153il.<\/p>\n<h2>Broderie textile avec relief<\/h2>\n<p>La broderie est la technique de marquage qui offre les meilleures performances en termes de qualit\u00e9. La broderie visuelle sublime le tissu avec style. Le relief apport\u00e9 par la broderie donne une sensation et un aspect inimitables. Sur certains tissus plus rigides, comme les casquettes, la broderie peut \u00eatre r\u00e9alis\u00e9e en 3D pour obtenir un r\u00e9sultat digne des grandes marques.<\/p>\n<h2>Indestructible<\/h2>\n<p>La broderie est sans doute la m\u00e9thode la plus durable de personnalisation des textiles. Une fois brod\u00e9, le textile s&rsquo;usera avant que la broderie ne commence \u00e0 \u00eatre endommag\u00e9e. La composition du fil, ainsi que la broderie, r\u00e9alis\u00e9e \u00e0 l&rsquo;aide de machines industrielles, assurent une incroyable r\u00e9sistance au lavage (lavable \u00e0 95\u00b0). La broderie, m\u00eame classique, offre un aspect de grande qualit\u00e9 et un relief unique. Au toucher, il offre une sensation de marquage indestructible. Disponible sur les tissus de plus de 180g\/m, vous trouverez une grande vari\u00e9t\u00e9 de fils et d&rsquo;accessoires pour tous vos projets de broderie.<\/p>\n<h2>Nos textiles personnalisables pour la broderie<\/h2>\n<p>La broderie peut \u00eatre appliqu\u00e9e \u00e0 presque tous les tissus. En revanche, sur certains tissus tr\u00e8s fins, la grande taille de la broderie peut fragiliser le tissu. Les \u00e9quipes de Sabetrend vous conseilleront si la combinaison textile\/broderie est incorrecte.<\/p>\n<h2>Des textile brod\u00e9s<\/h2>\n<p>Depuis plus de 15 ans, Sabetrend rend les v\u00eatements et accessoires textiles de ses clients uniques gr\u00e2ce \u00e0 la broderie : &#8211; Associations &#8211; Clubs de loisirs &#8211; Clubs sportifs &#8211; \u00c9coles et coll\u00e8ges &#8211; Industries, ateliers et usines &#8211; Petites et grandes entreprises &#8211; Maisons de couture &#8211; Secteur de la maintenance &#8211; Et bien d&rsquo;autres encore&#8230;<\/p>\n<h2>Broderie personnalis\u00e9e pour tous types de textiles<\/h2>\n<p>Votre broderie personnalis\u00e9e peut \u00eatre r\u00e9alis\u00e9e sur une grande vari\u00e9t\u00e9 de v\u00eatements et d&rsquo;accessoires textiles, selon vos exigences et vos besoins. La combinaison de notre savoir-faire de longue date et de notre large gamme de produits r\u00e9pondra pr\u00e9cis\u00e9ment \u00e0 vos attentes pour la broderie de divers substrats textiles, tels que : &#8211; Chemises et T-shirts brod\u00e9s &#8211; Sweat-shirts et polos brod\u00e9s &#8211; Pulls, vestes et pantalons brod\u00e9s &#8211; Chapeaux et casquettes brod\u00e9s &#8211; \u00c9charpes, chapeaux et gants brod\u00e9s &#8211; Sacs brod\u00e9s &#8211; Autres v\u00eatements et accessoires sur mesure<\/p>\n<\/div><\/section>\n<form action=\"https:\/\/sabetrend.com\/fr\/techniques-de-personnalisation-textile\/broderie-textile-personnalisee\/\" method=\"post\"  class=\"avia_ajax_form av-form-labels-visible   avia-builder-el-3  el_after_av_textblock  avia-builder-el-last   \" data-avia-form-id=\"1\" data-avia-redirect='' ><h3 class=''>Demander un devis<\/h3><fieldset><p class='  first_form  form_element form_fullwidth' id='element_avia_1_1'><label for=\"avia_1_1\">Nom <abbr class=\"required\" title=\"requis\">*<\/abbr><\/label> <input name=\"avia_1_1\" class=\"text_input is_empty\" type=\"text\" id=\"avia_1_1\" value=\"\" \/><\/p><p class='  first_form  form_element form_fullwidth' id='element_avia_2_1'><label for=\"avia_2_1\">Courriel <abbr class=\"required\" title=\"requis\">*<\/abbr><\/label> <input name=\"avia_2_1\" class=\"text_input is_email\" type=\"text\" id=\"avia_2_1\" value=\"\" \/><\/p><p class='  first_form  form_element form_fullwidth' id='element_avia_3_1'><label for=\"avia_3_1\">Sujet <abbr class=\"required\" title=\"requis\">*<\/abbr><\/label> <input name=\"avia_3_1\" class=\"text_input is_empty\" type=\"text\" id=\"avia_3_1\" value=\"\" \/><\/p><p class='  first_form  form_element form_fullwidth' id='element_avia_4_1'><label for=\"avia_4_1\" class=\"textare_label hidden textare_label_avia_4_1\">Message <abbr class=\"required\" title=\"requis\">*<\/abbr><\/label><textarea  name=\"avia_4_1\" class=\"text_area is_empty\" cols=\"40\" rows=\"7\" id=\"avia_4_1\" ><\/textarea><\/p><p class=\"hidden\"><input type=\"text\" name=\"avia_5_1\" class=\"hidden \" id=\"avia_5_1\" value=\"\" \/><\/p><div id='avia_6_1' class='av-recaptcha-area  first_form  form_element form_fullwidth '  data-container_class=\"\" data-custom_class=\"\" data-context=\"av_contact_form\" data-token_input=\"av_recaptcha_token\" data-version=\"avia_recaptcha_v2\" data-theme=\"light\" data-size=\"normal\" data-score=\"0.5\" data-text_to_preview=\"\" data-value=\"\"><div class=\"av-google-badge-message hidden\">This site is protected by reCAPTCHA and the Google <a href=\"https:\/\/policies.google.com\/privacy\">Privacy Policy<\/a> and <a href=\"https:\/\/policies.google.com\/terms\">Terms of Service<\/a> apply.<\/div><\/div><p class=\"form_element \"><input type=\"hidden\" value=\"1\" name=\"avia_generated_form1\" \/><input type=\"submit\" value=\"Envoyer\" class=\"button\"  data-sending-label=\"Envoi\"\/><\/p><\/fieldset><div class=\"avia-disabled-form\">This contact form is deactivated because you refused to accept Google reCaptcha service which is necessary to validate any messages sent by the form.<\/div><\/form><div id=\"ajaxresponse_1\" class=\"ajaxresponse ajaxresponse_1 hidden\"><\/div>\n","protected":false},"excerpt":{"rendered":"","protected":false},"author":3,"featured_media":0,"parent":1066,"menu_order":0,"comment_status":"closed","ping_status":"closed","template":"","meta":{"footnotes":""},"yoast_head":"<!-- This site is optimized with the Yoast SEO plugin v21.1 - https:\/\/yoast.com\/wordpress\/plugins\/seo\/ -->\n<title>Broderie textile personnalis\u00e9e pour T-shirts, sweatshirts et autres<\/title>\n<meta name=\"description\" content=\"La broderie est id\u00e9ale pour tous ceux qui recherchent une personnalisation durable d&#039;un support textile et une touche de prestige.\" \/>\n<meta name=\"robots\" content=\"index, follow, max-snippet:-1, max-image-preview:large, max-video-preview:-1\" \/>\n<link rel=\"canonical\" href=\"https:\/\/sabetrend.com\/fr\/techniques-de-personnalisation-textile\/broderie-textile-personnalisee\/\" \/>\n<meta property=\"og:locale\" content=\"fr_FR\" \/>\n<meta property=\"og:type\" content=\"article\" \/>\n<meta property=\"og:title\" content=\"Broderie textile personnalis\u00e9e pour T-shirts, sweatshirts et autres\" \/>\n<meta property=\"og:description\" content=\"La broderie est id\u00e9ale pour tous ceux qui recherchent une personnalisation durable d&#039;un support textile et une touche de prestige.\" \/>\n<meta property=\"og:url\" content=\"https:\/\/sabetrend.com\/fr\/techniques-de-personnalisation-textile\/broderie-textile-personnalisee\/\" \/>\n<meta property=\"og:site_name\" content=\"Sabetrend\" \/>\n<meta property=\"article:modified_time\" content=\"2022-07-30T16:27:09+00:00\" \/>\n<meta name=\"twitter:card\" content=\"summary_large_image\" \/>\n<meta name=\"twitter:label1\" content=\"Dur\u00e9e de lecture estim\u00e9e\" \/>\n\t<meta name=\"twitter:data1\" content=\"5 minutes\" \/>\n<script type=\"application\/ld+json\" class=\"yoast-schema-graph\">{\"@context\":\"https:\/\/schema.org\",\"@graph\":[{\"@type\":\"WebPage\",\"@id\":\"https:\/\/sabetrend.com\/fr\/techniques-de-personnalisation-textile\/broderie-textile-personnalisee\/\",\"url\":\"https:\/\/sabetrend.com\/fr\/techniques-de-personnalisation-textile\/broderie-textile-personnalisee\/\",\"name\":\"Broderie textile personnalis\u00e9e pour T-shirts, sweatshirts et autres\",\"isPartOf\":{\"@id\":\"https:\/\/sabetrend.com\/fr\/#website\"},\"datePublished\":\"2022-07-30T11:56:09+00:00\",\"dateModified\":\"2022-07-30T16:27:09+00:00\",\"description\":\"La broderie est id\u00e9ale pour tous ceux qui recherchent une personnalisation durable d'un support textile et une touche de prestige.\",\"breadcrumb\":{\"@id\":\"https:\/\/sabetrend.com\/fr\/techniques-de-personnalisation-textile\/broderie-textile-personnalisee\/#breadcrumb\"},\"inLanguage\":\"fr-FR\",\"potentialAction\":[{\"@type\":\"ReadAction\",\"target\":[\"https:\/\/sabetrend.com\/fr\/techniques-de-personnalisation-textile\/broderie-textile-personnalisee\/\"]}]},{\"@type\":\"BreadcrumbList\",\"@id\":\"https:\/\/sabetrend.com\/fr\/techniques-de-personnalisation-textile\/broderie-textile-personnalisee\/#breadcrumb\",\"itemListElement\":[{\"@type\":\"ListItem\",\"position\":1,\"name\":\"Home\",\"item\":\"https:\/\/sabetrend.com\/fr\/\"},{\"@type\":\"ListItem\",\"position\":2,\"name\":\"Techniques de personnalisation textile\",\"item\":\"https:\/\/sabetrend.com\/fr\/techniques-de-personnalisation-textile\/\"},{\"@type\":\"ListItem\",\"position\":3,\"name\":\"Broderie textile personnalis\u00e9e pour T-shirts, sweatshirts et autres\"}]},{\"@type\":\"WebSite\",\"@id\":\"https:\/\/sabetrend.com\/fr\/#website\",\"url\":\"https:\/\/sabetrend.com\/fr\/\",\"name\":\"Sabetrend\",\"description\":\"Just another WordPress site\",\"potentialAction\":[{\"@type\":\"SearchAction\",\"target\":{\"@type\":\"EntryPoint\",\"urlTemplate\":\"https:\/\/sabetrend.com\/fr\/?s={search_term_string}\"},\"query-input\":\"required name=search_term_string\"}],\"inLanguage\":\"fr-FR\"}]}<\/script>\n<!-- \/ Yoast SEO plugin. -->","yoast_head_json":{"title":"Broderie textile personnalis\u00e9e pour T-shirts, sweatshirts et autres","description":"La broderie est id\u00e9ale pour tous ceux qui recherchent une personnalisation durable d'un support textile et une touche de prestige.","robots":{"index":"index","follow":"follow","max-snippet":"max-snippet:-1","max-image-preview":"max-image-preview:large","max-video-preview":"max-video-preview:-1"},"canonical":"https:\/\/sabetrend.com\/fr\/techniques-de-personnalisation-textile\/broderie-textile-personnalisee\/","og_locale":"fr_FR","og_type":"article","og_title":"Broderie textile personnalis\u00e9e pour T-shirts, sweatshirts et autres","og_description":"La broderie est id\u00e9ale pour tous ceux qui recherchent une personnalisation durable d'un support textile et une touche de prestige.","og_url":"https:\/\/sabetrend.com\/fr\/techniques-de-personnalisation-textile\/broderie-textile-personnalisee\/","og_site_name":"Sabetrend","article_modified_time":"2022-07-30T16:27:09+00:00","twitter_card":"summary_large_image","twitter_misc":{"Dur\u00e9e de lecture estim\u00e9e":"5 minutes"},"schema":{"@context":"https:\/\/schema.org","@graph":[{"@type":"WebPage","@id":"https:\/\/sabetrend.com\/fr\/techniques-de-personnalisation-textile\/broderie-textile-personnalisee\/","url":"https:\/\/sabetrend.com\/fr\/techniques-de-personnalisation-textile\/broderie-textile-personnalisee\/","name":"Broderie textile personnalis\u00e9e pour T-shirts, sweatshirts et autres","isPartOf":{"@id":"https:\/\/sabetrend.com\/fr\/#website"},"datePublished":"2022-07-30T11:56:09+00:00","dateModified":"2022-07-30T16:27:09+00:00","description":"La broderie est id\u00e9ale pour tous ceux qui recherchent une personnalisation durable d'un support textile et une touche de prestige.","breadcrumb":{"@id":"https:\/\/sabetrend.com\/fr\/techniques-de-personnalisation-textile\/broderie-textile-personnalisee\/#breadcrumb"},"inLanguage":"fr-FR","potentialAction":[{"@type":"ReadAction","target":["https:\/\/sabetrend.com\/fr\/techniques-de-personnalisation-textile\/broderie-textile-personnalisee\/"]}]},{"@type":"BreadcrumbList","@id":"https:\/\/sabetrend.com\/fr\/techniques-de-personnalisation-textile\/broderie-textile-personnalisee\/#breadcrumb","itemListElement":[{"@type":"ListItem","position":1,"name":"Home","item":"https:\/\/sabetrend.com\/fr\/"},{"@type":"ListItem","position":2,"name":"Techniques de personnalisation textile","item":"https:\/\/sabetrend.com\/fr\/techniques-de-personnalisation-textile\/"},{"@type":"ListItem","position":3,"name":"Broderie textile personnalis\u00e9e pour T-shirts, sweatshirts et autres"}]},{"@type":"WebSite","@id":"https:\/\/sabetrend.com\/fr\/#website","url":"https:\/\/sabetrend.com\/fr\/","name":"Sabetrend","description":"Just another WordPress site","potentialAction":[{"@type":"SearchAction","target":{"@type":"EntryPoint","urlTemplate":"https:\/\/sabetrend.com\/fr\/?s={search_term_string}"},"query-input":"required name=search_term_string"}],"inLanguage":"fr-FR"}]}},"_links":{"self":[{"href":"https:\/\/sabetrend.com\/fr\/wp-json\/wp\/v2\/pages\/1154"}],"collection":[{"href":"https:\/\/sabetrend.com\/fr\/wp-json\/wp\/v2\/pages"}],"about":[{"href":"https:\/\/sabetrend.com\/fr\/wp-json\/wp\/v2\/types\/page"}],"author":[{"embeddable":true,"href":"https:\/\/sabetrend.com\/fr\/wp-json\/wp\/v2\/users\/3"}],"replies":[{"embeddable":true,"href":"https:\/\/sabetrend.com\/fr\/wp-json\/wp\/v2\/comments?post=1154"}],"version-history":[{"count":3,"href":"https:\/\/sabetrend.com\/fr\/wp-json\/wp\/v2\/pages\/1154\/revisions"}],"predecessor-version":[{"id":1212,"href":"https:\/\/sabetrend.com\/fr\/wp-json\/wp\/v2\/pages\/1154\/revisions\/1212"}],"up":[{"embeddable":true,"href":"https:\/\/sabetrend.com\/fr\/wp-json\/wp\/v2\/pages\/1066"}],"wp:attachment":[{"href":"https:\/\/sabetrend.com\/fr\/wp-json\/wp\/v2\/media?parent=1154"}],"curies":[{"name":"wp","href":"https:\/\/api.w.org\/{rel}","templated":true}]}}