{"id":1066,"date":"2022-07-30T11:55:54","date_gmt":"2022-07-30T11:55:54","guid":{"rendered":"https:\/\/sabetrend.com\/techniques-de-personnalisation-des-textiles\/"},"modified":"2023-09-09T17:56:29","modified_gmt":"2023-09-09T17:56:29","slug":"techniques-de-personnalisation-textile","status":"publish","type":"page","link":"https:\/\/sabetrend.com\/fr\/techniques-de-personnalisation-textile\/","title":{"rendered":"Techniques de personnalisation textile"},"content":{"rendered":"<div id='full_slider_1'  class='avia-fullwidth-slider main_color avia-shadow   avia-builder-el-0  el_before_av_textblock  avia-builder-el-first   container_wrap fullsize' style=' '  ><div   data-size='featured_large'  data-lightbox_size='large'  data-animation='slide'  data-conditional_play=''  data-ids='309'  data-video_counter='0'  data-autoplay='false'  data-bg_slider='false'  data-slide_height=''  data-handle='av_slideshow_full'  data-interval='5'  data-class=' '  data-el_id=''  data-css_id=''  data-scroll_down=''  data-control_layout='av-control-default'  data-custom_markup=''  data-perma_caption=''  data-autoplay_stopper=''  data-image_attachment=''  data-min_height='0px'  data-src=''  data-position='top left'  data-repeat='no-repeat'  data-attach='scroll'  data-stretch=''  data-default-height='42'  class='avia-slideshow avia-slideshow-1  av-control-default av-default-height-applied avia-slideshow-featured_large av_slideshow_full   avia-slide-slider '  itemprop=\"image\" itemscope=\"itemscope\" itemtype=\"https:\/\/schema.org\/ImageObject\" ><ul class='avia-slideshow-inner ' style='padding-bottom: 39.214285714286%;' ><li  class=' av-single-slide slide-1 ' ><div data-rel='slideshow-1' class='avia-slide-wrap '   ><div class = \"caption_fullwidth av-slideshow-caption caption_bottom caption_bottom_framed caption_framed\"><div class = \"container caption_container\"><div class = \"slideshow_caption\"><div class = \"slideshow_inner_caption\"><div class = \"slideshow_align_caption\"><h2  style='font-size:56px; color:#ffffff; ' class='avia-caption-title  '  itemprop=\"name\" >Personnalisation textile<\/h2><\/div><\/div><\/div><\/div><\/div><img src='https:\/\/sabetrend.com\/wp-content\/uploads\/2018\/04\/personalizacion-1.jpg' width='1400' height='549' title='personnalisation' alt=''  itemprop=\"thumbnailUrl\"   \/><\/div><\/li><\/ul><\/div><\/div><div id='after_full_slider_1'  class='main_color av_default_container_wrap container_wrap fullsize' style=' '  ><div class='container' ><div class='template-page content  av-content-full alpha units'><div class='post-entry post-entry-type-page post-entry-1066'><div class='entry-content-wrapper clearfix'>\n<section class=\"av_textblock_section \"  itemscope=\"itemscope\" itemtype=\"https:\/\/schema.org\/CreativeWork\" ><div class='avia_textblock  '   itemprop=\"text\" ><h1>Techniques utilis\u00e9es par Sabetrend pour la personnalisation textile<\/h1>\n<\/div><\/section>\n<section class=\"av_textblock_section \"  itemscope=\"itemscope\" itemtype=\"https:\/\/schema.org\/CreativeWork\" ><div class='avia_textblock  '   itemprop=\"text\" ><p><strong>Nous vous proposons les techniques de personnalisation les plus adapt\u00e9es \u00e0 votre projet, de la s\u00e9rigraphie \u00e0 l&rsquo;impression num\u00e9rique sur textile, en passant par la broderie, le vinyle, la sublimation.<\/strong><\/p>\n<p>Tous les processus de personnalisation sont r\u00e9alis\u00e9s localement, dans nos propres ateliers . Toutes les encres utilis\u00e9es pour l&rsquo;impression num\u00e9rique et la s\u00e9rigraphie r\u00e9pondent \u00e0 toutes les exigences en mati\u00e8re de protection de l&rsquo;environnement. Les encres utilis\u00e9es pour l&rsquo;impression num\u00e9rique sont certifi\u00e9es\u00a0 OEKO-TEX. D&rsquo;autre part, l&rsquo;impression num\u00e9rique permet des tirages courts avec une finition de haute qualit\u00e9, une excellente d\u00e9finition de l&rsquo;\u0153uvre d&rsquo;art, que ce soit sur des T-shirts, des polos, des tops, des sweatshirts, des sacs et des sacs fourre-tout. Nous sommes tr\u00e8s flexibles, et nous imprimons \u00e0 partir d&rsquo;une seule unit\u00e9 et nous pouvons \u00e9galement produire facilement des \u00e9chantillons. <strong>Nous adoptons la technique la mieux adapt\u00e9e \u00e0 votre projet.<\/strong><\/p>\n<\/div><\/section>\n<\/div><\/div><\/div><!-- close content main div --><\/div><\/div><div id='av_section_1'  class='avia-section main_color avia-section-default avia-no-border-styling  avia-bg-style-scroll  avia-builder-el-3  el_after_av_textblock  avia-builder-el-last   container_wrap fullsize' style='background-color: #e8e8e8;  '  ><div class='container' ><div class='template-page content  av-content-full alpha units'><div class='post-entry post-entry-type-page post-entry-1066'><div class='entry-content-wrapper clearfix'>\n<div class=\"flex_column av_one_third  flex_column_div av-zero-column-padding first  avia-builder-el-4  el_before_av_one_third  avia-builder-el-first  \" style='border-radius:0px; '><section class=\"av_textblock_section \"  itemscope=\"itemscope\" itemtype=\"https:\/\/schema.org\/CreativeWork\" ><div class='avia_textblock  av_inherit_color '  style='color:#4ecac2; '  itemprop=\"text\" ><h3><a href=\"https:\/\/sabetrend.com\/fr\/techniques-de-personnalisation-textile\/broderie-textile-personnalisee\/\">En savoir plus sur la broderie&gt;&gt;<\/a><\/h3>\n<\/div><\/section><\/div><div class=\"flex_column av_one_third  flex_column_div av-zero-column-padding   avia-builder-el-6  el_after_av_one_third  el_before_av_one_third  \" style='border-radius:0px; '><section class=\"av_textblock_section \"  itemscope=\"itemscope\" itemtype=\"https:\/\/schema.org\/CreativeWork\" ><div class='avia_textblock  av_inherit_color '  style='color:#7bb0e7; '  itemprop=\"text\" ><h3><a href=\"https:\/\/sabetrend.com\/fr\/techniques-de-personnalisation-textile\/impression-numerique-sur-textiles\/\">En savoir plus sur l&rsquo;impression num\u00e9rique&gt;&gt;<\/a><\/h3>\n<\/div><\/section><\/div><div class=\"flex_column av_one_third  flex_column_div av-zero-column-padding   avia-builder-el-8  el_after_av_one_third  avia-builder-el-last  \" style='border-radius:0px; '><section class=\"av_textblock_section \"  itemscope=\"itemscope\" itemtype=\"https:\/\/schema.org\/CreativeWork\" ><div class='avia_textblock  av_inherit_color '  style='color:#b02b2c; '  itemprop=\"text\" ><h3><a href=\"https:\/\/sabetrend.com\/fr\/techniques-de-personnalisation-textile\/serigraphie-textile\/\">En savoir plus sur la s\u00e9rigraphie textile&gt;&gt;<\/a><\/h3>\n<\/div><\/section><\/div>\n","protected":false},"excerpt":{"rendered":"","protected":false},"author":1,"featured_media":0,"parent":0,"menu_order":0,"comment_status":"closed","ping_status":"closed","template":"","meta":{"footnotes":""},"yoast_head":"<!-- This site is optimized with the Yoast SEO plugin v21.1 - https:\/\/yoast.com\/wordpress\/plugins\/seo\/ -->\n<title>Techniques de personnalisation textile - Sabetrend<\/title>\n<meta name=\"description\" content=\"Personnalisation textile avec les techniques les plus adapt\u00e9es \u00e0 chaque projet, de la s\u00e9rigraphie \u00e0 l&#039;impression num\u00e9rique sur textile, en passant par la broderie, le vinyle, la sublimation.\" \/>\n<meta name=\"robots\" content=\"index, follow, max-snippet:-1, max-image-preview:large, max-video-preview:-1\" \/>\n<link rel=\"canonical\" href=\"https:\/\/sabetrend.com\/fr\/techniques-de-personnalisation-textile\/\" \/>\n<meta property=\"og:locale\" content=\"fr_FR\" \/>\n<meta property=\"og:type\" content=\"article\" \/>\n<meta property=\"og:title\" content=\"Techniques de personnalisation textile - Sabetrend\" \/>\n<meta property=\"og:description\" content=\"Personnalisation textile avec les techniques les plus adapt\u00e9es \u00e0 chaque projet, de la s\u00e9rigraphie \u00e0 l&#039;impression num\u00e9rique sur textile, en passant par la broderie, le vinyle, la sublimation.\" \/>\n<meta property=\"og:url\" content=\"https:\/\/sabetrend.com\/fr\/techniques-de-personnalisation-textile\/\" \/>\n<meta property=\"og:site_name\" content=\"Sabetrend\" \/>\n<meta property=\"article:modified_time\" content=\"2023-09-09T17:56:29+00:00\" \/>\n<meta name=\"twitter:card\" content=\"summary_large_image\" \/>\n<meta name=\"twitter:label1\" content=\"Dur\u00e9e de lecture estim\u00e9e\" \/>\n\t<meta name=\"twitter:data1\" content=\"2 minutes\" \/>\n<script type=\"application\/ld+json\" class=\"yoast-schema-graph\">{\"@context\":\"https:\/\/schema.org\",\"@graph\":[{\"@type\":\"WebPage\",\"@id\":\"https:\/\/sabetrend.com\/fr\/techniques-de-personnalisation-textile\/\",\"url\":\"https:\/\/sabetrend.com\/fr\/techniques-de-personnalisation-textile\/\",\"name\":\"Techniques de personnalisation textile - Sabetrend\",\"isPartOf\":{\"@id\":\"https:\/\/sabetrend.com\/fr\/#website\"},\"datePublished\":\"2022-07-30T11:55:54+00:00\",\"dateModified\":\"2023-09-09T17:56:29+00:00\",\"description\":\"Personnalisation textile avec les techniques les plus adapt\u00e9es \u00e0 chaque projet, de la s\u00e9rigraphie \u00e0 l'impression num\u00e9rique sur textile, en passant par la broderie, le vinyle, la sublimation.\",\"breadcrumb\":{\"@id\":\"https:\/\/sabetrend.com\/fr\/techniques-de-personnalisation-textile\/#breadcrumb\"},\"inLanguage\":\"fr-FR\",\"potentialAction\":[{\"@type\":\"ReadAction\",\"target\":[\"https:\/\/sabetrend.com\/fr\/techniques-de-personnalisation-textile\/\"]}]},{\"@type\":\"BreadcrumbList\",\"@id\":\"https:\/\/sabetrend.com\/fr\/techniques-de-personnalisation-textile\/#breadcrumb\",\"itemListElement\":[{\"@type\":\"ListItem\",\"position\":1,\"name\":\"Home\",\"item\":\"https:\/\/sabetrend.com\/fr\/\"},{\"@type\":\"ListItem\",\"position\":2,\"name\":\"Techniques de personnalisation textile\"}]},{\"@type\":\"WebSite\",\"@id\":\"https:\/\/sabetrend.com\/fr\/#website\",\"url\":\"https:\/\/sabetrend.com\/fr\/\",\"name\":\"Sabetrend\",\"description\":\"Just another WordPress site\",\"potentialAction\":[{\"@type\":\"SearchAction\",\"target\":{\"@type\":\"EntryPoint\",\"urlTemplate\":\"https:\/\/sabetrend.com\/fr\/?s={search_term_string}\"},\"query-input\":\"required name=search_term_string\"}],\"inLanguage\":\"fr-FR\"}]}<\/script>\n<!-- \/ Yoast SEO plugin. -->","yoast_head_json":{"title":"Techniques de personnalisation textile - Sabetrend","description":"Personnalisation textile avec les techniques les plus adapt\u00e9es \u00e0 chaque projet, de la s\u00e9rigraphie \u00e0 l'impression num\u00e9rique sur textile, en passant par la broderie, le vinyle, la sublimation.","robots":{"index":"index","follow":"follow","max-snippet":"max-snippet:-1","max-image-preview":"max-image-preview:large","max-video-preview":"max-video-preview:-1"},"canonical":"https:\/\/sabetrend.com\/fr\/techniques-de-personnalisation-textile\/","og_locale":"fr_FR","og_type":"article","og_title":"Techniques de personnalisation textile - Sabetrend","og_description":"Personnalisation textile avec les techniques les plus adapt\u00e9es \u00e0 chaque projet, de la s\u00e9rigraphie \u00e0 l'impression num\u00e9rique sur textile, en passant par la broderie, le vinyle, la sublimation.","og_url":"https:\/\/sabetrend.com\/fr\/techniques-de-personnalisation-textile\/","og_site_name":"Sabetrend","article_modified_time":"2023-09-09T17:56:29+00:00","twitter_card":"summary_large_image","twitter_misc":{"Dur\u00e9e de lecture estim\u00e9e":"2 minutes"},"schema":{"@context":"https:\/\/schema.org","@graph":[{"@type":"WebPage","@id":"https:\/\/sabetrend.com\/fr\/techniques-de-personnalisation-textile\/","url":"https:\/\/sabetrend.com\/fr\/techniques-de-personnalisation-textile\/","name":"Techniques de personnalisation textile - Sabetrend","isPartOf":{"@id":"https:\/\/sabetrend.com\/fr\/#website"},"datePublished":"2022-07-30T11:55:54+00:00","dateModified":"2023-09-09T17:56:29+00:00","description":"Personnalisation textile avec les techniques les plus adapt\u00e9es \u00e0 chaque projet, de la s\u00e9rigraphie \u00e0 l'impression num\u00e9rique sur textile, en passant par la broderie, le vinyle, la sublimation.","breadcrumb":{"@id":"https:\/\/sabetrend.com\/fr\/techniques-de-personnalisation-textile\/#breadcrumb"},"inLanguage":"fr-FR","potentialAction":[{"@type":"ReadAction","target":["https:\/\/sabetrend.com\/fr\/techniques-de-personnalisation-textile\/"]}]},{"@type":"BreadcrumbList","@id":"https:\/\/sabetrend.com\/fr\/techniques-de-personnalisation-textile\/#breadcrumb","itemListElement":[{"@type":"ListItem","position":1,"name":"Home","item":"https:\/\/sabetrend.com\/fr\/"},{"@type":"ListItem","position":2,"name":"Techniques de personnalisation textile"}]},{"@type":"WebSite","@id":"https:\/\/sabetrend.com\/fr\/#website","url":"https:\/\/sabetrend.com\/fr\/","name":"Sabetrend","description":"Just another WordPress site","potentialAction":[{"@type":"SearchAction","target":{"@type":"EntryPoint","urlTemplate":"https:\/\/sabetrend.com\/fr\/?s={search_term_string}"},"query-input":"required name=search_term_string"}],"inLanguage":"fr-FR"}]}},"_links":{"self":[{"href":"https:\/\/sabetrend.com\/fr\/wp-json\/wp\/v2\/pages\/1066"}],"collection":[{"href":"https:\/\/sabetrend.com\/fr\/wp-json\/wp\/v2\/pages"}],"about":[{"href":"https:\/\/sabetrend.com\/fr\/wp-json\/wp\/v2\/types\/page"}],"author":[{"embeddable":true,"href":"https:\/\/sabetrend.com\/fr\/wp-json\/wp\/v2\/users\/1"}],"replies":[{"embeddable":true,"href":"https:\/\/sabetrend.com\/fr\/wp-json\/wp\/v2\/comments?post=1066"}],"version-history":[{"count":11,"href":"https:\/\/sabetrend.com\/fr\/wp-json\/wp\/v2\/pages\/1066\/revisions"}],"predecessor-version":[{"id":1173,"href":"https:\/\/sabetrend.com\/fr\/wp-json\/wp\/v2\/pages\/1066\/revisions\/1173"}],"wp:attachment":[{"href":"https:\/\/sabetrend.com\/fr\/wp-json\/wp\/v2\/media?parent=1066"}],"curies":[{"name":"wp","href":"https:\/\/api.w.org\/{rel}","templated":true}]}}