{"id":1039,"date":"2022-07-30T11:55:49","date_gmt":"2022-07-30T11:55:49","guid":{"rendered":"https:\/\/sabetrend.com\/design\/"},"modified":"2022-07-30T15:59:02","modified_gmt":"2022-07-30T15:59:02","slug":"design","status":"publish","type":"page","link":"https:\/\/sabetrend.com\/fr\/design\/","title":{"rendered":"Design"},"content":{"rendered":"<div id='full_slider_1'  class='avia-fullwidth-slider main_color avia-shadow   avia-builder-el-0  el_before_av_textblock  avia-builder-el-first   container_wrap fullsize' style=' '  ><div   data-size='featured_large'  data-lightbox_size='large'  data-animation='slide'  data-conditional_play=''  data-ids='286'  data-video_counter='0'  data-autoplay='false'  data-bg_slider='false'  data-slide_height=''  data-handle='av_slideshow_full'  data-interval='5'  data-class=' '  data-el_id=''  data-css_id=''  data-scroll_down=''  data-control_layout='av-control-default'  data-custom_markup=''  data-perma_caption=''  data-autoplay_stopper=''  data-image_attachment=''  data-min_height='0px'  data-src=''  data-position='top left'  data-repeat='no-repeat'  data-attach='scroll'  data-stretch=''  data-default-height='42'  class='avia-slideshow avia-slideshow-1  av-control-default av-default-height-applied avia-slideshow-featured_large av_slideshow_full   avia-slide-slider '  itemprop=\"image\" itemscope=\"itemscope\" itemtype=\"https:\/\/schema.org\/ImageObject\" ><ul class='avia-slideshow-inner ' style='padding-bottom: 41.180654338549%;' ><li  class=' av-single-slide slide-1 ' ><div data-rel='slideshow-1' class='avia-slide-wrap '   ><div class = \"caption_fullwidth av-slideshow-caption caption_bottom caption_bottom_framed caption_framed\"><div class = \"container caption_container\"><div class = \"slideshow_caption\"><div class = \"slideshow_inner_caption\"><div class = \"slideshow_align_caption\"><h2  style='font-size:68px; ' class='avia-caption-title  '  itemprop=\"name\" >Cr\u00e9ation textile<\/h2><\/div><\/div><\/div><\/div><\/div><img src='https:\/\/sabetrend.com\/wp-content\/uploads\/2018\/04\/disse\u00f1o-2.jpg' width='1406' height='579' title='design' alt=''  itemprop=\"thumbnailUrl\"   \/><\/div><\/li><\/ul><\/div><\/div><div id='after_full_slider_1'  class='main_color av_default_container_wrap container_wrap fullsize' style=' '  ><div class='container' ><div class='template-page content  av-content-full alpha units'><div class='post-entry post-entry-type-page post-entry-1039'><div class='entry-content-wrapper clearfix'>\n<section class=\"av_textblock_section \"  itemscope=\"itemscope\" itemtype=\"https:\/\/schema.org\/CreativeWork\" ><div class='avia_textblock  '   itemprop=\"text\" ><h1>Design et cr\u00e9ation textile<\/h1>\n<\/div><\/section>\n<section class=\"av_textblock_section \"  itemscope=\"itemscope\" itemtype=\"https:\/\/schema.org\/CreativeWork\" ><div class='avia_textblock  '   itemprop=\"text\" ><p><strong>Vous imaginez&#8230; et nous convertissons votre r\u00eave une r\u00e9alit\u00e9 !<\/strong> En plus de disposer de notre propre \u00e9quipe de conception, nous collaborons avec des sp\u00e9cialistes reconnus bas\u00e9s \u00e0 Barcelone et \u00e0 l&rsquo;\u00e9tranger, en phase avec les derni\u00e8res tendances du march\u00e9. <strong>Notre valeur ajout\u00e9e est la cr\u00e9ativit\u00e9<\/strong>, en proposant un design singulier, original et unique. Par-dessus tout, le processus de cr\u00e9ation des produits est notre passion ; nous nous appuyons sur notre exp\u00e9rience dans le d\u00e9veloppement de nos propres marques pour le secteur de la distribution, ainsi que sur des travaux confi\u00e9s en exclusivit\u00e9 aux mus\u00e9es les plus prestigieux d&rsquo;Espagne.<\/p>\n<p><strong>T-shirts, polos, sweatshirts personnalis\u00e9s avec votre logo ou avec des designs sp\u00e9cifiques \u00e0 votre <\/strong><strong>marque. Ils sont un excellent support promotionnel.<\/strong> Notre \u00e9quipe apportera son expertise pour obtenir le meilleur r\u00e9sultat possible.<\/p>\n<h3>Comment op\u00e9rons-nous ?<\/h3>\n<\/div><\/section>\n<div  class='avia-icon-grid-container    avia-builder-el-3  el_after_av_textblock  el_before_av_hr '><ul id='avia-icongrid-69dfc7e042173' class='clearfix avia-icongrid avia-icongrid-flipbox avia-icongrid-numrow-5 avia-icongrid-borders-all avia_animate_when_almost_visible' >\n<li><div class='avia-icongrid-wrapper' ><article  class=\"article-icon-entry av-icongrid-empty\"  itemscope=\"itemscope\" itemtype=\"https:\/\/schema.org\/CreativeWork\" ><div class='avia-icongrid-front' ><div class='avia-icongrid-inner'><div  class='avia-icongrid-icon  avia-font-entypo-fontello'><span class='icongrid-char ' aria-hidden='true' data-av_icon='\ue83f' data-av_iconfont='entypo-fontello'><\/span><\/div><header class=\"entry-content-header\"><h4 class='av_icongrid_title icongrid_title  '  itemprop=\"headline\"  >1. Id\u00e9e et brief du client<\/h4><\/header><\/div><\/div><div class='avia-icongrid-content' ><div class='avia-icongrid-inner' ><div class='avia-icongrid-text '  itemprop=\"text\" ><\/div><\/div><\/div><\/article><\/div><\/li>\n<li><div class='avia-icongrid-wrapper' ><article  class=\"article-icon-entry av-icongrid-empty\"  itemscope=\"itemscope\" itemtype=\"https:\/\/schema.org\/CreativeWork\" ><div class='avia-icongrid-front' ><div class='avia-icongrid-inner'><div  class='avia-icongrid-icon  avia-font-entypo-fontello'><span class='icongrid-char ' aria-hidden='true' data-av_icon='\ue836' data-av_iconfont='entypo-fontello'><\/span><\/div><header class=\"entry-content-header\"><h4 class='av_icongrid_title icongrid_title  '  itemprop=\"headline\"  >2. Design et cr\u00e9ation<\/h4><\/header><\/div><\/div><div class='avia-icongrid-content' ><div class='avia-icongrid-inner' ><div class='avia-icongrid-text '  itemprop=\"text\" ><\/div><\/div><\/div><\/article><\/div><\/li>\n<li><div class='avia-icongrid-wrapper' ><article  class=\"article-icon-entry av-icongrid-empty\"  itemscope=\"itemscope\" itemtype=\"https:\/\/schema.org\/CreativeWork\" ><div class='avia-icongrid-front' ><div class='avia-icongrid-inner'><div  class='avia-icongrid-icon  avia-font-entypo-fontello'><span class='icongrid-char ' aria-hidden='true' data-av_icon='\ue82b' data-av_iconfont='entypo-fontello'><\/span><\/div><header class=\"entry-content-header\"><h4 class='av_icongrid_title icongrid_title  '  itemprop=\"headline\"  >3. Echantillon<\/h4><h6 class='av_icongrid_subtitle icongrid_subtitle '  >Validation du client<\/h6><\/header><\/div><\/div><div class='avia-icongrid-content' ><div class='avia-icongrid-inner' ><div class='avia-icongrid-text '  itemprop=\"text\" ><\/div><\/div><\/div><\/article><\/div><\/li>\n<li><div class='avia-icongrid-wrapper' ><article  class=\"article-icon-entry av-icongrid-empty\"  itemscope=\"itemscope\" itemtype=\"https:\/\/schema.org\/CreativeWork\" ><div class='avia-icongrid-front' ><div class='avia-icongrid-inner'><div  class='avia-icongrid-icon  avia-font-entypo-fontello'><span class='icongrid-char ' aria-hidden='true' data-av_icon='\ue856' data-av_iconfont='entypo-fontello'><\/span><\/div><header class=\"entry-content-header\"><h4 class='av_icongrid_title icongrid_title  '  itemprop=\"headline\"  >4. Production<\/h4><h6 class='av_icongrid_subtitle icongrid_subtitle '  >et packaging<\/h6><\/header><\/div><\/div><div class='avia-icongrid-content' ><div class='avia-icongrid-inner' ><div class='avia-icongrid-text '  itemprop=\"text\" ><\/div><\/div><\/div><\/article><\/div><\/li>\n<li><div class='avia-icongrid-wrapper' ><article  class=\"article-icon-entry av-icongrid-empty\"  itemscope=\"itemscope\" itemtype=\"https:\/\/schema.org\/CreativeWork\" ><div class='avia-icongrid-front' ><div class='avia-icongrid-inner'><div  class='avia-icongrid-icon  avia-font-entypo-fontello'><span class='icongrid-char ' aria-hidden='true' data-av_icon='\ue8b7' data-av_iconfont='entypo-fontello'><\/span><\/div><header class=\"entry-content-header\"><h4 class='av_icongrid_title icongrid_title  '  itemprop=\"headline\"  >5. Livraison<\/h4><h6 class='av_icongrid_subtitle icongrid_subtitle '  >au client<\/h6><\/header><\/div><\/div><div class='avia-icongrid-content' ><div class='avia-icongrid-inner' ><div class='avia-icongrid-text '  itemprop=\"text\" ><\/div><\/div><\/div><\/article><\/div><\/li>\n<\/ul><\/div>\n<div  style=' margin-top:30px; margin-bottom:30px;'  class='hr hr-custom hr-center hr-icon-yes   avia-builder-el-4  el_after_av_icongrid  el_before_av_contact '><span class='hr-inner  inner-border-av-border-thin' style=' width:50px; max-width:45%;' ><span class='hr-inner-style'><\/span><\/span><span class='av-seperator-icon'  aria-hidden='true' data-av_icon='\ue808' data-av_iconfont='entypo-fontello'><\/span><span class='hr-inner  inner-border-av-border-thin' style=' width:50px; max-width:45%;' ><span class='hr-inner-style'><\/span><\/span><\/div>\n<form action=\"https:\/\/sabetrend.com\/fr\/design\/\" method=\"post\"  class=\"avia_ajax_form av-form-labels-visible   avia-builder-el-5  el_after_av_hr  avia-builder-el-last   \" data-avia-form-id=\"1\" data-avia-redirect='' ><h3 class=''>Demander un devis<\/h3><fieldset><p class='  first_form  form_element form_fullwidth' id='element_avia_1_1'><label for=\"avia_1_1\">Nom <abbr class=\"required\" title=\"requis\">*<\/abbr><\/label> <input name=\"avia_1_1\" class=\"text_input is_empty\" type=\"text\" id=\"avia_1_1\" value=\"\" \/><\/p><p class='  first_form  form_element form_fullwidth' id='element_avia_2_1'><label for=\"avia_2_1\">Courriel <abbr class=\"required\" title=\"requis\">*<\/abbr><\/label> <input name=\"avia_2_1\" class=\"text_input is_email\" type=\"text\" id=\"avia_2_1\" value=\"\" \/><\/p><p class='  first_form  form_element form_fullwidth' id='element_avia_3_1'><label for=\"avia_3_1\">Sujet <abbr class=\"required\" title=\"requis\">*<\/abbr><\/label> <input name=\"avia_3_1\" class=\"text_input is_empty\" type=\"text\" id=\"avia_3_1\" value=\"\" \/><\/p><p class='  first_form  form_element form_fullwidth' id='element_avia_4_1'><label for=\"avia_4_1\" class=\"textare_label hidden textare_label_avia_4_1\">Message <abbr class=\"required\" title=\"requis\">*<\/abbr><\/label><textarea  name=\"avia_4_1\" class=\"text_area is_empty\" cols=\"40\" rows=\"7\" id=\"avia_4_1\" ><\/textarea><\/p><p class=\"hidden\"><input type=\"text\" name=\"avia_5_1\" class=\"hidden \" id=\"avia_5_1\" value=\"\" \/><\/p><div id='avia_6_1' class='av-recaptcha-area  first_form  form_element form_fullwidth '  data-container_class=\"\" data-custom_class=\"\" data-context=\"av_contact_form\" data-token_input=\"av_recaptcha_token\" data-version=\"avia_recaptcha_v2\" data-theme=\"light\" data-size=\"normal\" data-score=\"0.5\" data-text_to_preview=\"\" data-value=\"\"><div class=\"av-google-badge-message hidden\">This site is protected by reCAPTCHA and the Google <a href=\"https:\/\/policies.google.com\/privacy\">Privacy Policy<\/a> and <a href=\"https:\/\/policies.google.com\/terms\">Terms of Service<\/a> apply.<\/div><\/div><p class=\"form_element \"><input type=\"hidden\" value=\"1\" name=\"avia_generated_form1\" \/><input type=\"submit\" value=\"Envoyer\" class=\"button\"  data-sending-label=\"Envoi\"\/><\/p><\/fieldset><div class=\"avia-disabled-form\">This contact form is deactivated because you refused to accept Google reCaptcha service which is necessary to validate any messages sent by the form.<\/div><\/form><div id=\"ajaxresponse_1\" class=\"ajaxresponse ajaxresponse_1 hidden\"><\/div>\n","protected":false},"excerpt":{"rendered":"","protected":false},"author":1,"featured_media":0,"parent":0,"menu_order":0,"comment_status":"closed","ping_status":"closed","template":"","meta":{"footnotes":""},"yoast_head":"<!-- This site is optimized with the Yoast SEO plugin v21.1 - https:\/\/yoast.com\/wordpress\/plugins\/seo\/ -->\n<title>Design et cr\u00e9ation textile - Sabetrend<\/title>\n<meta name=\"description\" content=\".Notre valeur ajout\u00e9e est la cr\u00e9ativit\u00e9, en proposant un design singulier, original et unique.\" \/>\n<meta name=\"robots\" content=\"index, follow, max-snippet:-1, max-image-preview:large, max-video-preview:-1\" \/>\n<link rel=\"canonical\" href=\"https:\/\/sabetrend.com\/fr\/design\/\" \/>\n<meta property=\"og:locale\" content=\"fr_FR\" \/>\n<meta property=\"og:type\" content=\"article\" \/>\n<meta property=\"og:title\" content=\"Design et cr\u00e9ation textile - Sabetrend\" \/>\n<meta property=\"og:description\" content=\".Notre valeur ajout\u00e9e est la cr\u00e9ativit\u00e9, en proposant un design singulier, original et unique.\" \/>\n<meta property=\"og:url\" content=\"https:\/\/sabetrend.com\/fr\/design\/\" \/>\n<meta property=\"og:site_name\" content=\"Sabetrend\" \/>\n<meta property=\"article:modified_time\" content=\"2022-07-30T15:59:02+00:00\" \/>\n<meta name=\"twitter:card\" content=\"summary_large_image\" \/>\n<meta name=\"twitter:label1\" content=\"Dur\u00e9e de lecture estim\u00e9e\" \/>\n\t<meta name=\"twitter:data1\" content=\"7 minutes\" \/>\n<script type=\"application\/ld+json\" class=\"yoast-schema-graph\">{\"@context\":\"https:\/\/schema.org\",\"@graph\":[{\"@type\":\"WebPage\",\"@id\":\"https:\/\/sabetrend.com\/fr\/design\/\",\"url\":\"https:\/\/sabetrend.com\/fr\/design\/\",\"name\":\"Design et cr\u00e9ation textile - Sabetrend\",\"isPartOf\":{\"@id\":\"https:\/\/sabetrend.com\/fr\/#website\"},\"datePublished\":\"2022-07-30T11:55:49+00:00\",\"dateModified\":\"2022-07-30T15:59:02+00:00\",\"description\":\".Notre valeur ajout\u00e9e est la cr\u00e9ativit\u00e9, en proposant un design singulier, original et unique.\",\"breadcrumb\":{\"@id\":\"https:\/\/sabetrend.com\/fr\/design\/#breadcrumb\"},\"inLanguage\":\"fr-FR\",\"potentialAction\":[{\"@type\":\"ReadAction\",\"target\":[\"https:\/\/sabetrend.com\/fr\/design\/\"]}]},{\"@type\":\"BreadcrumbList\",\"@id\":\"https:\/\/sabetrend.com\/fr\/design\/#breadcrumb\",\"itemListElement\":[{\"@type\":\"ListItem\",\"position\":1,\"name\":\"Home\",\"item\":\"https:\/\/sabetrend.com\/fr\/\"},{\"@type\":\"ListItem\",\"position\":2,\"name\":\"Design\"}]},{\"@type\":\"WebSite\",\"@id\":\"https:\/\/sabetrend.com\/fr\/#website\",\"url\":\"https:\/\/sabetrend.com\/fr\/\",\"name\":\"Sabetrend\",\"description\":\"Just another WordPress site\",\"potentialAction\":[{\"@type\":\"SearchAction\",\"target\":{\"@type\":\"EntryPoint\",\"urlTemplate\":\"https:\/\/sabetrend.com\/fr\/?s={search_term_string}\"},\"query-input\":\"required name=search_term_string\"}],\"inLanguage\":\"fr-FR\"}]}<\/script>\n<!-- \/ Yoast SEO plugin. -->","yoast_head_json":{"title":"Design et cr\u00e9ation textile - Sabetrend","description":".Notre valeur ajout\u00e9e est la cr\u00e9ativit\u00e9, en proposant un design singulier, original et unique.","robots":{"index":"index","follow":"follow","max-snippet":"max-snippet:-1","max-image-preview":"max-image-preview:large","max-video-preview":"max-video-preview:-1"},"canonical":"https:\/\/sabetrend.com\/fr\/design\/","og_locale":"fr_FR","og_type":"article","og_title":"Design et cr\u00e9ation textile - Sabetrend","og_description":".Notre valeur ajout\u00e9e est la cr\u00e9ativit\u00e9, en proposant un design singulier, original et unique.","og_url":"https:\/\/sabetrend.com\/fr\/design\/","og_site_name":"Sabetrend","article_modified_time":"2022-07-30T15:59:02+00:00","twitter_card":"summary_large_image","twitter_misc":{"Dur\u00e9e de lecture estim\u00e9e":"7 minutes"},"schema":{"@context":"https:\/\/schema.org","@graph":[{"@type":"WebPage","@id":"https:\/\/sabetrend.com\/fr\/design\/","url":"https:\/\/sabetrend.com\/fr\/design\/","name":"Design et cr\u00e9ation textile - Sabetrend","isPartOf":{"@id":"https:\/\/sabetrend.com\/fr\/#website"},"datePublished":"2022-07-30T11:55:49+00:00","dateModified":"2022-07-30T15:59:02+00:00","description":".Notre valeur ajout\u00e9e est la cr\u00e9ativit\u00e9, en proposant un design singulier, original et unique.","breadcrumb":{"@id":"https:\/\/sabetrend.com\/fr\/design\/#breadcrumb"},"inLanguage":"fr-FR","potentialAction":[{"@type":"ReadAction","target":["https:\/\/sabetrend.com\/fr\/design\/"]}]},{"@type":"BreadcrumbList","@id":"https:\/\/sabetrend.com\/fr\/design\/#breadcrumb","itemListElement":[{"@type":"ListItem","position":1,"name":"Home","item":"https:\/\/sabetrend.com\/fr\/"},{"@type":"ListItem","position":2,"name":"Design"}]},{"@type":"WebSite","@id":"https:\/\/sabetrend.com\/fr\/#website","url":"https:\/\/sabetrend.com\/fr\/","name":"Sabetrend","description":"Just another WordPress site","potentialAction":[{"@type":"SearchAction","target":{"@type":"EntryPoint","urlTemplate":"https:\/\/sabetrend.com\/fr\/?s={search_term_string}"},"query-input":"required name=search_term_string"}],"inLanguage":"fr-FR"}]}},"_links":{"self":[{"href":"https:\/\/sabetrend.com\/fr\/wp-json\/wp\/v2\/pages\/1039"}],"collection":[{"href":"https:\/\/sabetrend.com\/fr\/wp-json\/wp\/v2\/pages"}],"about":[{"href":"https:\/\/sabetrend.com\/fr\/wp-json\/wp\/v2\/types\/page"}],"author":[{"embeddable":true,"href":"https:\/\/sabetrend.com\/fr\/wp-json\/wp\/v2\/users\/1"}],"replies":[{"embeddable":true,"href":"https:\/\/sabetrend.com\/fr\/wp-json\/wp\/v2\/comments?post=1039"}],"version-history":[{"count":5,"href":"https:\/\/sabetrend.com\/fr\/wp-json\/wp\/v2\/pages\/1039\/revisions"}],"predecessor-version":[{"id":1366,"href":"https:\/\/sabetrend.com\/fr\/wp-json\/wp\/v2\/pages\/1039\/revisions\/1366"}],"wp:attachment":[{"href":"https:\/\/sabetrend.com\/fr\/wp-json\/wp\/v2\/media?parent=1039"}],"curies":[{"name":"wp","href":"https:\/\/api.w.org\/{rel}","templated":true}]}}