{"id":1032,"date":"2022-07-30T11:55:48","date_gmt":"2022-07-30T11:55:48","guid":{"rendered":"https:\/\/sabetrend.com\/vente-au-detail\/"},"modified":"2023-09-09T18:10:10","modified_gmt":"2023-09-09T18:10:10","slug":"vente-au-detail","status":"publish","type":"page","link":"https:\/\/sabetrend.com\/fr\/vente-au-detail\/","title":{"rendered":"Vente au d\u00e9tail"},"content":{"rendered":"<div id='full_slider_1'  class='avia-fullwidth-slider main_color avia-shadow   avia-builder-el-0  el_before_av_textblock  avia-builder-el-first   container_wrap fullsize' style=' '  ><div   data-size='featured_large'  data-lightbox_size='large'  data-animation='slide'  data-conditional_play=''  data-ids='278'  data-video_counter='0'  data-autoplay='false'  data-bg_slider='false'  data-slide_height=''  data-handle='av_slideshow_full'  data-interval='5'  data-class=' '  data-el_id=''  data-css_id=''  data-scroll_down=''  data-control_layout='av-control-default'  data-custom_markup=''  data-perma_caption=''  data-autoplay_stopper=''  data-image_attachment=''  data-min_height='0px'  data-src=''  data-position='top left'  data-repeat='no-repeat'  data-attach='scroll'  data-stretch=''  data-default-height='42'  class='avia-slideshow avia-slideshow-1  av-control-default av-default-height-applied avia-slideshow-featured_large av_slideshow_full   avia-slide-slider '  itemprop=\"image\" itemscope=\"itemscope\" itemtype=\"https:\/\/schema.org\/ImageObject\" ><ul class='avia-slideshow-inner ' style='padding-bottom: 39.214285714286%;' ><li  class=' av-single-slide slide-1 ' ><div data-rel='slideshow-1' class='avia-slide-wrap '   ><div class = \"caption_fullwidth av-slideshow-caption caption_bottom caption_bottom_framed caption_framed\"><div class = \"container caption_container\"><div class = \"slideshow_caption\"><div class = \"slideshow_inner_caption\"><div class = \"slideshow_align_caption\"><h2  style='font-size:68px; color:#ffffff; ' class='avia-caption-title  '  itemprop=\"name\" >Vente au d\u00e9tail<\/h2><\/div><\/div><\/div><\/div><\/div><img src='https:\/\/sabetrend.com\/wp-content\/uploads\/2018\/04\/retail.jpg' width='1400' height='549' title='Retail' alt=''  itemprop=\"thumbnailUrl\"   \/><\/div><\/li><\/ul><\/div><\/div><div id='after_full_slider_1'  class='main_color av_default_container_wrap container_wrap fullsize' style=' '  ><div class='container' ><div class='template-page content  av-content-full alpha units'><div class='post-entry post-entry-type-page post-entry-1032'><div class='entry-content-wrapper clearfix'>\n<section class=\"av_textblock_section \"  itemscope=\"itemscope\" itemtype=\"https:\/\/schema.org\/CreativeWork\" ><div class='avia_textblock  '   itemprop=\"text\" ><h1>Vente au d\u00e9tail<\/h1>\n<\/div><\/section>\n<section class=\"av_textblock_section \"  itemscope=\"itemscope\" itemtype=\"https:\/\/schema.org\/CreativeWork\" ><div class='avia_textblock  '   itemprop=\"text\" ><p>Nous avons une longue exp\u00e9rience en mati\u00e8re de cr\u00e9ation, et de production,\u00a0 et proposons nos propres marques, <a href=\"https:\/\/www.urbanaddict.net\/\">URBAN ADDICT <\/a>et <a href=\"https:\/\/brokendiva.com\/\">BrokenDiva<\/a>. Dans notre showroom, vous pourrez voir de pr\u00e8s nos produits et le service que nous pouvons offrir.\u00a0 Il s&rsquo;agit d&rsquo;une collection streetwear \u00ab\u00a0t-shirts et capuches\u00a0\u00bb, urbaine et branch\u00e9e.<\/p>\n<h2>La Vente au D\u00e9tail avec Sabetrend : Une Immersion dans l&rsquo;Univers Streetwear<\/h2>\n<p>Chez Sabetrend, nous ne nous contentons pas de cr\u00e9er des textiles personnalis\u00e9s ; nous sommes \u00e9galement des pionniers dans le monde du streetwear gr\u00e2ce \u00e0 nos marques embl\u00e9matiques : URBAN ADDICT et BrokenDiva. Ces marques incarnent l&rsquo;esprit rebelle, audacieux et avant-gardiste de la culture urbaine contemporaine.<\/p>\n<h2>Urban addict<\/h2>\n<p>Comme son nom l&rsquo;indique, cette marque s&rsquo;adresse aux v\u00e9ritables addicts de la mode urbaine. Elle capture l&rsquo;essence des rues anim\u00e9es, des graffitis color\u00e9s et du rythme effr\u00e9n\u00e9 de la vie citadine. Chaque pi\u00e8ce est con\u00e7ue pour ceux qui veulent se d\u00e9marquer, avec des designs audacieux, des motifs innovants et une qualit\u00e9 qui r\u00e9siste \u00e0 l&rsquo;\u00e9preuve du temps.<\/p>\n<h2>BrokenDiva<\/h2>\n<p>C&rsquo;est la c\u00e9l\u00e9bration de l&rsquo;imperfection, de l&rsquo;individualit\u00e9 et de la r\u00e9silience. BrokenDiva s&rsquo;adresse \u00e0 ceux qui trouvent la beaut\u00e9 dans les imperfections, qui embrassent leurs cicatrices et qui portent fi\u00e8rement leurs histoires. Avec des designs qui \u00e9voquent \u00e0 la fois la vuln\u00e9rabilit\u00e9 et la force, cette marque est pour ceux qui refusent d&rsquo;\u00eatre d\u00e9finis par les normes conventionnelles.<\/p>\n<h2>Le Showroom Sabetrend<\/h2>\n<p>Plus qu&rsquo;un simple espace d&rsquo;exposition, notre showroom est une invitation \u00e0 vivre l&rsquo;exp\u00e9rience Sabetrend. Ici, vous pouvez toucher, sentir et essayer nos collections. Chaque t-shirt, chaque capuche raconte une histoire, et nous voulons que vous soyez une partie de cette narration. Notre \u00e9quipe d\u00e9di\u00e9e est toujours sur place pour vous guider, r\u00e9pondre \u00e0 vos questions et vous aider \u00e0 choisir les pi\u00e8ces qui refl\u00e8tent le mieux votre personnalit\u00e9.<\/p>\n<p>Que vous soyez un d\u00e9taillant \u00e0 la recherche de la prochaine grande tendance streetwear ou un passionn\u00e9 de mode d\u00e9sireux de d\u00e9couvrir des pi\u00e8ces uniques, le showroom Sabetrend est votre destination. Venez d\u00e9couvrir une collection qui fusionne le style urbain avec une touche de sophistication, et laissez-vous inspirer par l&rsquo;art de la mode streetwear.<\/p>\n<\/div><\/section>\n<\/div><\/div><\/div><!-- close content main div --><\/div><\/div><div id='av_section_1'  class='avia-section main_color avia-section-default avia-no-border-styling  avia-bg-style-scroll  avia-builder-el-3  el_after_av_textblock  avia-builder-el-last   container_wrap fullsize' style='background-color: #dbdbdb;  '  ><div class='container' ><div class='template-page content  av-content-full alpha units'><div class='post-entry post-entry-type-page post-entry-1032'><div class='entry-content-wrapper clearfix'>\n<section class=\"av_textblock_section \"  itemscope=\"itemscope\" itemtype=\"https:\/\/schema.org\/CreativeWork\" ><div class='avia_textblock  '   itemprop=\"text\" ><h1>Vous avez un projet retail? Contactez Sabetrend d\u00e8s aujourd&rsquo;hui!<\/h1>\n<\/div><\/section>\n<form action=\"https:\/\/sabetrend.com\/fr\/vente-au-detail\/\" method=\"post\"  class=\"avia_ajax_form av-form-labels-visible   avia-builder-el-5  el_after_av_textblock  avia-builder-el-last   \" data-avia-form-id=\"1\" data-avia-redirect='' ><h3 class=''>Demander un devis<\/h3><fieldset><p class='  first_form  form_element form_fullwidth' id='element_avia_1_1'><label for=\"avia_1_1\">Nom <abbr class=\"required\" title=\"requis\">*<\/abbr><\/label> <input name=\"avia_1_1\" class=\"text_input is_empty\" type=\"text\" id=\"avia_1_1\" value=\"\" \/><\/p><p class='  first_form  form_element form_fullwidth' id='element_avia_2_1'><label for=\"avia_2_1\">Courriel <abbr class=\"required\" title=\"requis\">*<\/abbr><\/label> <input name=\"avia_2_1\" class=\"text_input is_email\" type=\"text\" id=\"avia_2_1\" value=\"\" \/><\/p><p class='  first_form  form_element form_fullwidth' id='element_avia_3_1'><label for=\"avia_3_1\">Sujet <abbr class=\"required\" title=\"requis\">*<\/abbr><\/label> <input name=\"avia_3_1\" class=\"text_input is_empty\" type=\"text\" id=\"avia_3_1\" value=\"\" \/><\/p><p class='  first_form  form_element form_fullwidth' id='element_avia_4_1'><label for=\"avia_4_1\" class=\"textare_label hidden textare_label_avia_4_1\">Message <abbr class=\"required\" title=\"requis\">*<\/abbr><\/label><textarea  name=\"avia_4_1\" class=\"text_area is_empty\" cols=\"40\" rows=\"7\" id=\"avia_4_1\" ><\/textarea><\/p><p class=\"hidden\"><input type=\"text\" name=\"avia_5_1\" class=\"hidden \" id=\"avia_5_1\" value=\"\" \/><\/p><div id='avia_6_1' class='av-recaptcha-area  first_form  form_element form_fullwidth '  data-container_class=\"\" data-custom_class=\"\" data-context=\"av_contact_form\" data-token_input=\"av_recaptcha_token\" data-version=\"avia_recaptcha_v2\" data-theme=\"light\" data-size=\"normal\" data-score=\"0.5\" data-text_to_preview=\"\" data-value=\"\"><div class=\"av-google-badge-message hidden\">This site is protected by reCAPTCHA and the Google <a href=\"https:\/\/policies.google.com\/privacy\">Privacy Policy<\/a> and <a href=\"https:\/\/policies.google.com\/terms\">Terms of Service<\/a> apply.<\/div><\/div><p class=\"form_element \"><input type=\"hidden\" value=\"1\" name=\"avia_generated_form1\" \/><input type=\"submit\" value=\"Envoyer\" class=\"button\"  data-sending-label=\"Envoi\"\/><\/p><\/fieldset><div class=\"avia-disabled-form\">This contact form is deactivated because you refused to accept Google reCaptcha service which is necessary to validate any messages sent by the form.<\/div><\/form><div id=\"ajaxresponse_1\" class=\"ajaxresponse ajaxresponse_1 hidden\"><\/div>\n\n","protected":false},"excerpt":{"rendered":"","protected":false},"author":1,"featured_media":0,"parent":0,"menu_order":0,"comment_status":"closed","ping_status":"closed","template":"","meta":{"footnotes":""},"yoast_head":"<!-- This site is optimized with the Yoast SEO plugin v21.1 - https:\/\/yoast.com\/wordpress\/plugins\/seo\/ -->\n<title>Vente au d\u00e9tail - Sabetrend<\/title>\n<meta name=\"description\" content=\"Nous avons une longue exp\u00e9rience en mati\u00e8re de cr\u00e9ation, et de production,\u00a0 et proposons nos propres marques, URBAN ADDICT et BrokenDiva.\" \/>\n<meta name=\"robots\" content=\"index, follow, max-snippet:-1, max-image-preview:large, max-video-preview:-1\" \/>\n<link rel=\"canonical\" href=\"https:\/\/sabetrend.com\/fr\/vente-au-detail\/\" \/>\n<meta property=\"og:locale\" content=\"fr_FR\" \/>\n<meta property=\"og:type\" content=\"article\" \/>\n<meta property=\"og:title\" content=\"Vente au d\u00e9tail - Sabetrend\" \/>\n<meta property=\"og:description\" content=\"Nous avons une longue exp\u00e9rience en mati\u00e8re de cr\u00e9ation, et de production,\u00a0 et proposons nos propres marques, URBAN ADDICT et BrokenDiva.\" \/>\n<meta property=\"og:url\" content=\"https:\/\/sabetrend.com\/fr\/vente-au-detail\/\" \/>\n<meta property=\"og:site_name\" content=\"Sabetrend\" \/>\n<meta property=\"article:modified_time\" content=\"2023-09-09T18:10:10+00:00\" \/>\n<meta name=\"twitter:card\" content=\"summary_large_image\" \/>\n<meta name=\"twitter:label1\" content=\"Dur\u00e9e de lecture estim\u00e9e\" \/>\n\t<meta name=\"twitter:data1\" content=\"3 minutes\" \/>\n<script type=\"application\/ld+json\" class=\"yoast-schema-graph\">{\"@context\":\"https:\/\/schema.org\",\"@graph\":[{\"@type\":\"WebPage\",\"@id\":\"https:\/\/sabetrend.com\/fr\/vente-au-detail\/\",\"url\":\"https:\/\/sabetrend.com\/fr\/vente-au-detail\/\",\"name\":\"Vente au d\u00e9tail - Sabetrend\",\"isPartOf\":{\"@id\":\"https:\/\/sabetrend.com\/fr\/#website\"},\"datePublished\":\"2022-07-30T11:55:48+00:00\",\"dateModified\":\"2023-09-09T18:10:10+00:00\",\"description\":\"Nous avons une longue exp\u00e9rience en mati\u00e8re de cr\u00e9ation, et de production,\u00a0 et proposons nos propres marques, URBAN ADDICT et BrokenDiva.\",\"breadcrumb\":{\"@id\":\"https:\/\/sabetrend.com\/fr\/vente-au-detail\/#breadcrumb\"},\"inLanguage\":\"fr-FR\",\"potentialAction\":[{\"@type\":\"ReadAction\",\"target\":[\"https:\/\/sabetrend.com\/fr\/vente-au-detail\/\"]}]},{\"@type\":\"BreadcrumbList\",\"@id\":\"https:\/\/sabetrend.com\/fr\/vente-au-detail\/#breadcrumb\",\"itemListElement\":[{\"@type\":\"ListItem\",\"position\":1,\"name\":\"Home\",\"item\":\"https:\/\/sabetrend.com\/fr\/\"},{\"@type\":\"ListItem\",\"position\":2,\"name\":\"Vente au d\u00e9tail\"}]},{\"@type\":\"WebSite\",\"@id\":\"https:\/\/sabetrend.com\/fr\/#website\",\"url\":\"https:\/\/sabetrend.com\/fr\/\",\"name\":\"Sabetrend\",\"description\":\"Just another WordPress site\",\"potentialAction\":[{\"@type\":\"SearchAction\",\"target\":{\"@type\":\"EntryPoint\",\"urlTemplate\":\"https:\/\/sabetrend.com\/fr\/?s={search_term_string}\"},\"query-input\":\"required name=search_term_string\"}],\"inLanguage\":\"fr-FR\"}]}<\/script>\n<!-- \/ Yoast SEO plugin. -->","yoast_head_json":{"title":"Vente au d\u00e9tail - Sabetrend","description":"Nous avons une longue exp\u00e9rience en mati\u00e8re de cr\u00e9ation, et de production,\u00a0 et proposons nos propres marques, URBAN ADDICT et BrokenDiva.","robots":{"index":"index","follow":"follow","max-snippet":"max-snippet:-1","max-image-preview":"max-image-preview:large","max-video-preview":"max-video-preview:-1"},"canonical":"https:\/\/sabetrend.com\/fr\/vente-au-detail\/","og_locale":"fr_FR","og_type":"article","og_title":"Vente au d\u00e9tail - Sabetrend","og_description":"Nous avons une longue exp\u00e9rience en mati\u00e8re de cr\u00e9ation, et de production,\u00a0 et proposons nos propres marques, URBAN ADDICT et BrokenDiva.","og_url":"https:\/\/sabetrend.com\/fr\/vente-au-detail\/","og_site_name":"Sabetrend","article_modified_time":"2023-09-09T18:10:10+00:00","twitter_card":"summary_large_image","twitter_misc":{"Dur\u00e9e de lecture estim\u00e9e":"3 minutes"},"schema":{"@context":"https:\/\/schema.org","@graph":[{"@type":"WebPage","@id":"https:\/\/sabetrend.com\/fr\/vente-au-detail\/","url":"https:\/\/sabetrend.com\/fr\/vente-au-detail\/","name":"Vente au d\u00e9tail - Sabetrend","isPartOf":{"@id":"https:\/\/sabetrend.com\/fr\/#website"},"datePublished":"2022-07-30T11:55:48+00:00","dateModified":"2023-09-09T18:10:10+00:00","description":"Nous avons une longue exp\u00e9rience en mati\u00e8re de cr\u00e9ation, et de production,\u00a0 et proposons nos propres marques, URBAN ADDICT et BrokenDiva.","breadcrumb":{"@id":"https:\/\/sabetrend.com\/fr\/vente-au-detail\/#breadcrumb"},"inLanguage":"fr-FR","potentialAction":[{"@type":"ReadAction","target":["https:\/\/sabetrend.com\/fr\/vente-au-detail\/"]}]},{"@type":"BreadcrumbList","@id":"https:\/\/sabetrend.com\/fr\/vente-au-detail\/#breadcrumb","itemListElement":[{"@type":"ListItem","position":1,"name":"Home","item":"https:\/\/sabetrend.com\/fr\/"},{"@type":"ListItem","position":2,"name":"Vente au d\u00e9tail"}]},{"@type":"WebSite","@id":"https:\/\/sabetrend.com\/fr\/#website","url":"https:\/\/sabetrend.com\/fr\/","name":"Sabetrend","description":"Just another WordPress site","potentialAction":[{"@type":"SearchAction","target":{"@type":"EntryPoint","urlTemplate":"https:\/\/sabetrend.com\/fr\/?s={search_term_string}"},"query-input":"required name=search_term_string"}],"inLanguage":"fr-FR"}]}},"_links":{"self":[{"href":"https:\/\/sabetrend.com\/fr\/wp-json\/wp\/v2\/pages\/1032"}],"collection":[{"href":"https:\/\/sabetrend.com\/fr\/wp-json\/wp\/v2\/pages"}],"about":[{"href":"https:\/\/sabetrend.com\/fr\/wp-json\/wp\/v2\/types\/page"}],"author":[{"embeddable":true,"href":"https:\/\/sabetrend.com\/fr\/wp-json\/wp\/v2\/users\/1"}],"replies":[{"embeddable":true,"href":"https:\/\/sabetrend.com\/fr\/wp-json\/wp\/v2\/comments?post=1032"}],"version-history":[{"count":6,"href":"https:\/\/sabetrend.com\/fr\/wp-json\/wp\/v2\/pages\/1032\/revisions"}],"predecessor-version":[{"id":1582,"href":"https:\/\/sabetrend.com\/fr\/wp-json\/wp\/v2\/pages\/1032\/revisions\/1582"}],"wp:attachment":[{"href":"https:\/\/sabetrend.com\/fr\/wp-json\/wp\/v2\/media?parent=1032"}],"curies":[{"name":"wp","href":"https:\/\/api.w.org\/{rel}","templated":true}]}}